{"id":383,"date":"2022-03-28T00:16:16","date_gmt":"2022-03-27T23:16:16","guid":{"rendered":"https:\/\/unduoroliste.net\/?page_id=383"},"modified":"2023-11-19T19:42:06","modified_gmt":"2023-11-19T18:42:06","slug":"les-des-sont-poses-sur-la-tables-a-cote-des-fiches-de-perso","status":"publish","type":"page","link":"https:\/\/unduoroliste.net\/?page_id=383","title":{"rendered":"Les d\u00e9s sont pos\u00e9s sur la tables, \u00e0 c\u00f4t\u00e9 des fiches de perso&#8230;"},"content":{"rendered":"\n<figure class=\"wp-block-embed is-type-rich is-provider-prise-en-charge-des-contenus-embarqu-s wp-block-embed-prise-en-charge-des-contenus-embarqu-s\"><div class=\"wp-block-embed__wrapper\">\n<audio class=\"wp-audio-shortcode\" id=\"audio-383-1\" preload=\"none\" style=\"width: 100%;\" controls=\"controls\"><source type=\"audio\/mpeg\" src=\"https:\/\/unduoroliste.net\/wp-content\/uploads\/2022\/03\/1DR_LADVEH_US_30.mp3?_=1\" \/><a href=\"https:\/\/unduoroliste.net\/wp-content\/uploads\/2022\/03\/1DR_LADVEH_US_30.mp3\">https:\/\/unduoroliste.net\/wp-content\/uploads\/2022\/03\/1DR_LADVEH_US_30.mp3<\/a><\/audio>\n<\/div><\/figure>\n\n\n<div class=\"bg-margin-for-link\"><input type='hidden' bg_collapse_expand='69e5966920d496000030064' value='69e5966920d496000030064'><input type='hidden' id='bg-show-more-text-69e5966920d496000030064' value='Transcription'><input type='hidden' id='bg-show-less-text-69e5966920d496000030064' value='Fermer la Transcription'><a id='bg-showmore-action-69e5966920d496000030064' class='bg-showmore-plg-link  '  style=\" color:inherit;;\" href='#'>Transcription<\/a><div id='bg-showmore-hidden-69e5966920d496000030064' ><\/p>\n\n\n\n<p class=\"\">Les d\u00e9s sont pos\u00e9s sur la table, \u00e0 c\u00f4t\u00e9 des fiches de perso et du bol de chips. Votre paravent est dress\u00e9 et derri\u00e8re se trouve rien d&#8217;autre que l&#8217;Ultime Suppl\u00e9ment. Votre groupe est l\u00e0, pr\u00eat \u00e0 jouer. Quand l&#8217;un d&#8217;eux s&#8217;exclame soudain : &#8220;Vous savez pas ce que j&#8217;ai appris cet apr\u00e8s-midi ? Il y avait une queue de folie \u00e0 la Vouivre pour avoir l\u2019Ultime Suppl\u00e9ment, y a m\u00eame eu des bagarres entre GNistes et Gamers ! Vous vous rendez compte ?! Mais surtout, on m\u2019a dit que c\u2019est toi qui as eu le dernier exemplaire de l&#8217;Ultime Suppl\u00e9ment !\u2026 Quel talent ! \u00c7a va \u00eatre une soir\u00e9e g\u00e9niale !!!&#8221;<\/p>\n\n\n\n<p class=\"\">&lt; musique \u00e9pique &gt; Un sentiment de victoire totale monte en vous, vos d\u00e9s rayonnent et pulsent d\u2019une aura que seul(e) vous voyez. Inspir\u00e9(e) par cette nouvelle, vous d\u00e9clamez : &#8220;O Seigneurs de ces Terres, \u00e9coutez mon histoire ! Car c&#8217;est aujourd&#8217;hui que Druidzzz, le Gardien de l&#8217;Autre Monde, a d\u00e9cid\u00e9 de s&#8217;incarner\u2026&#8221;<\/p>\n\n\n\n<p class=\"\"><\/div><\/div>\n\n\n\n<p class=\"\"><\/p>\n\n\n\n<p class=\"\"><\/p>\n\n\n\n<p class=\"has-medium-font-size\"><em>F\u00e9licitations ! Vous avez compl\u00e9t\u00e9 cette aventure avec succ\u00e8s et avez m\u00eame d\u00e9bloqu\u00e9 la sc\u00e8ne bonus !<\/em><\/p>\n\n\n\n<p class=\"has-medium-font-size\"><em>Nous esp\u00e9rons qu&#8217;elle vous a plu et que vous avez pass\u00e9 un bon moment. Si vous voulez vous vanter aupr\u00e8s de tout le monde, envoyez-nous un message sur les r\u00e9seaux sociaux et on vous f\u00e9licitera offciellement !<\/em><\/p>\n\n\n\n<p class=\"has-medium-font-size\">Pour voir les cr\u00e9dits et d\u00e9couvrir toutes les r\u00e9f\u00e9rences geeks que nous avons utilis\u00e9es, <a href=\"https:\/\/unduoroliste.net\/?page_id=451\">allez ici<\/a>.<\/p>\n\n\n<div class=\"wp-block-image\">\n<figure class=\"aligncenter size-full\"><img data-recalc-dims=\"1\" loading=\"lazy\" decoding=\"async\" width=\"444\" height=\"250\" src=\"https:\/\/i0.wp.com\/unduoroliste.net\/wp-content\/uploads\/2022\/03\/LADVEH-US-32.png?resize=444%2C250&#038;ssl=1\" alt=\"Image d'une vue de dessus d'un table de jeu de r\u00f4le, avec des d\u00e9s, fiche de personnage et autres accessoires\" class=\"wp-image-278\" srcset=\"https:\/\/i0.wp.com\/unduoroliste.net\/wp-content\/uploads\/2022\/03\/LADVEH-US-32.png?w=444&amp;ssl=1 444w, https:\/\/i0.wp.com\/unduoroliste.net\/wp-content\/uploads\/2022\/03\/LADVEH-US-32.png?resize=300%2C169&amp;ssl=1 300w\" sizes=\"auto, (max-width: 444px) 100vw, 444px\" \/><\/figure>\n<\/div>","protected":false},"excerpt":{"rendered":"<p>F\u00e9licitations ! Vous avez compl\u00e9t\u00e9 cette aventure avec succ\u00e8s et avez m\u00eame d\u00e9bloqu\u00e9 la sc\u00e8ne bonus ! Nous esp\u00e9rons qu&#8217;elle vous a plu et que vous avez pass\u00e9 un bon [&hellip;]<\/p>\n","protected":false},"author":2,"featured_media":0,"parent":180,"menu_order":0,"comment_status":"closed","ping_status":"closed","template":"","meta":{"nf_dc_page":"","footnotes":""},"class_list":["post-383","page","type-page","status-publish","hentry"],"aioseo_notices":[],"jetpack_sharing_enabled":true,"_links":{"self":[{"href":"https:\/\/unduoroliste.net\/index.php?rest_route=\/wp\/v2\/pages\/383","targetHints":{"allow":["GET"]}}],"collection":[{"href":"https:\/\/unduoroliste.net\/index.php?rest_route=\/wp\/v2\/pages"}],"about":[{"href":"https:\/\/unduoroliste.net\/index.php?rest_route=\/wp\/v2\/types\/page"}],"author":[{"embeddable":true,"href":"https:\/\/unduoroliste.net\/index.php?rest_route=\/wp\/v2\/users\/2"}],"replies":[{"embeddable":true,"href":"https:\/\/unduoroliste.net\/index.php?rest_route=%2Fwp%2Fv2%2Fcomments&post=383"}],"version-history":[{"count":5,"href":"https:\/\/unduoroliste.net\/index.php?rest_route=\/wp\/v2\/pages\/383\/revisions"}],"predecessor-version":[{"id":6053,"href":"https:\/\/unduoroliste.net\/index.php?rest_route=\/wp\/v2\/pages\/383\/revisions\/6053"}],"up":[{"embeddable":true,"href":"https:\/\/unduoroliste.net\/index.php?rest_route=\/wp\/v2\/pages\/180"}],"wp:attachment":[{"href":"https:\/\/unduoroliste.net\/index.php?rest_route=%2Fwp%2Fv2%2Fmedia&parent=383"}],"curies":[{"name":"wp","href":"https:\/\/api.w.org\/{rel}","templated":true}]}}