{"id":379,"date":"2022-03-27T22:33:56","date_gmt":"2022-03-27T21:33:56","guid":{"rendered":"https:\/\/unduoroliste.net\/?page_id=379"},"modified":"2023-11-19T19:43:36","modified_gmt":"2023-11-19T18:43:36","slug":"vous-vous-avancez-au-centre-de-la-place","status":"publish","type":"page","link":"https:\/\/unduoroliste.net\/?page_id=379","title":{"rendered":"Vous vous avancez au centre de la place&#8230;"},"content":{"rendered":"\n<figure class=\"wp-block-embed is-type-rich is-provider-prise-en-charge-des-contenus-embarqu-s wp-block-embed-prise-en-charge-des-contenus-embarqu-s\"><div class=\"wp-block-embed__wrapper\">\n<audio class=\"wp-audio-shortcode\" id=\"audio-379-1\" preload=\"none\" style=\"width: 100%;\" controls=\"controls\"><source type=\"audio\/mpeg\" src=\"https:\/\/unduoroliste.net\/wp-content\/uploads\/2022\/03\/1DR_LADVEH_US_28.mp3?_=1\" \/><a href=\"https:\/\/unduoroliste.net\/wp-content\/uploads\/2022\/03\/1DR_LADVEH_US_28.mp3\">https:\/\/unduoroliste.net\/wp-content\/uploads\/2022\/03\/1DR_LADVEH_US_28.mp3<\/a><\/audio>\n<\/div><\/figure>\n\n\n<div class=\"bg-margin-for-link\"><input type='hidden' bg_collapse_expand='69e4c833b95433092295450' value='69e4c833b95433092295450'><input type='hidden' id='bg-show-more-text-69e4c833b95433092295450' value='Transcription'><input type='hidden' id='bg-show-less-text-69e4c833b95433092295450' value='Fermer la Transcription'><a id='bg-showmore-action-69e4c833b95433092295450' class='bg-showmore-plg-link  '  style=\" color:inherit;;\" href='#'>Transcription<\/a><div id='bg-showmore-hidden-69e4c833b95433092295450' ><\/p>\n\n\n\n<p class=\"\">Vous vous avancez au centre de la place, d&#8217;un pas pos\u00e9, les GNistes \u00e0 votre droite, les gameurs \u00e0 la gauche. Tous les yeux sont braqu\u00e9s sur vous. Vous prenez une grande inspiration et d\u00e9clarez de votre plus belle voix d&#8217;orateur :<\/p>\n\n\n\n<p class=\"\">&lt; musique inspirante &gt; &#8220;Mes amis ! Est-ce vraiment important ce que contiendra la version collector ? Je vous le demande. Ou ne serait-ce pas plus critique de de se demander si elle alimentera le feu de notre passion pour le JdR, fera na\u00eetre l&#8217;envie \u00e0 de nouveau joueurs \u2013 notre famille, nos amis, nos enfants \u2013 d&#8217;apercevoir la tour blanche de Minas Tiris, d&#8217;entrer dans la matrice de ShadowRun ou s&#8217;\u00e9vader des cellules capitonn\u00e9es de l&#8217;Asile d&#8217;Arkham ? Car oui ! Nous, les r\u00f4listes, quelle que soit notre discipline, sur papier, GNistes, Gamers, joueur de cartes, peintres de minis et tous les autres, nous partageons ce d\u00e9sir &#8211; ce r\u00eave-m\u00eame ! &#8211; de voir notre hobby grandir et de former une communaut\u00e9 forte et unie. Dans un sens, nous sommes tous fr\u00e8res et s\u0153urs !\u2026&#8221;<\/p>\n\n\n\n<p class=\"\">Autour de vous, le silence s&#8217;est \u00e9tabli, la magie de vos mots infusant l&#8217;air. La tension est palpable.<\/p>\n\n\n\n<p class=\"\"><\/div><\/div>\n\n\n\n<p class=\"\"><\/p>\n\n\n\n<p class=\"\"><\/p>\n\n\n\n<h3 class=\"wp-block-heading has-text-color\" style=\"color:#d131cf\">Mode narratif (#)<\/h3>\n\n\n\n<p class=\"has-text-color has-medium-font-size\" style=\"color:#d131cf\"><a href=\"https:\/\/unduoroliste.net\/?page_id=363\">Allez ici<\/a>.<\/p>\n\n\n\n<h3 class=\"wp-block-heading has-text-color\" style=\"color:#075ce3\">Mode JdR (\u00a7)<\/h3>\n\n\n\n<p class=\"has-text-color has-medium-font-size\" style=\"color:#075ce3\">Il est temps de lancer les d\u00e9s ! Cette fois-ci, vous devez faire <strong>inf\u00e9rieur ou \u00e9gal<\/strong> \u00e0 votre score. De plus, si vous faites exactement votre score, n&#8217;oubliez pas de marquer une \u00e9toile ! (<a href=\"https:\/\/www.aidedd.org\/dnd-dice\/index.php\" target=\"_blank\" rel=\"noreferrer noopener\">dice roller<\/a>)<\/p>\n\n\n\n<p class=\"has-text-color has-medium-font-size\" style=\"color:#075ce3\">Si vous r\u00e9ussissez, <a href=\"https:\/\/unduoroliste.net\/?page_id=363\">allez ici<\/a>.<\/p>\n\n\n\n<p class=\"has-text-color has-medium-font-size\" style=\"color:#075ce3\">Si vous \u00e9chouez, <a href=\"https:\/\/unduoroliste.net\/?page_id=370\">allez ici<\/a>.<\/p>\n\n\n<div class=\"wp-block-image\">\n<figure class=\"aligncenter size-full\"><img data-recalc-dims=\"1\" loading=\"lazy\" decoding=\"async\" width=\"640\" height=\"356\" src=\"https:\/\/i0.wp.com\/unduoroliste.net\/wp-content\/uploads\/2022\/03\/LADVEH-US-16.jpg?resize=640%2C356&#038;ssl=1\" alt=\"\" class=\"wp-image-264\" srcset=\"https:\/\/i0.wp.com\/unduoroliste.net\/wp-content\/uploads\/2022\/03\/LADVEH-US-16.jpg?w=640&amp;ssl=1 640w, https:\/\/i0.wp.com\/unduoroliste.net\/wp-content\/uploads\/2022\/03\/LADVEH-US-16.jpg?resize=300%2C167&amp;ssl=1 300w\" sizes=\"auto, (max-width: 640px) 100vw, 640px\" \/><\/figure>\n<\/div>","protected":false},"excerpt":{"rendered":"<p>Mode narratif (#) Allez ici. Mode JdR (\u00a7) Il est temps de lancer les d\u00e9s ! Cette fois-ci, vous devez faire inf\u00e9rieur ou \u00e9gal \u00e0 votre score. De plus, si [&hellip;]<\/p>\n","protected":false},"author":2,"featured_media":0,"parent":180,"menu_order":0,"comment_status":"closed","ping_status":"closed","template":"","meta":{"nf_dc_page":"","footnotes":""},"class_list":["post-379","page","type-page","status-publish","hentry"],"aioseo_notices":[],"jetpack_sharing_enabled":true,"_links":{"self":[{"href":"https:\/\/unduoroliste.net\/index.php?rest_route=\/wp\/v2\/pages\/379","targetHints":{"allow":["GET"]}}],"collection":[{"href":"https:\/\/unduoroliste.net\/index.php?rest_route=\/wp\/v2\/pages"}],"about":[{"href":"https:\/\/unduoroliste.net\/index.php?rest_route=\/wp\/v2\/types\/page"}],"author":[{"embeddable":true,"href":"https:\/\/unduoroliste.net\/index.php?rest_route=\/wp\/v2\/users\/2"}],"replies":[{"embeddable":true,"href":"https:\/\/unduoroliste.net\/index.php?rest_route=%2Fwp%2Fv2%2Fcomments&post=379"}],"version-history":[{"count":5,"href":"https:\/\/unduoroliste.net\/index.php?rest_route=\/wp\/v2\/pages\/379\/revisions"}],"predecessor-version":[{"id":6057,"href":"https:\/\/unduoroliste.net\/index.php?rest_route=\/wp\/v2\/pages\/379\/revisions\/6057"}],"up":[{"embeddable":true,"href":"https:\/\/unduoroliste.net\/index.php?rest_route=\/wp\/v2\/pages\/180"}],"wp:attachment":[{"href":"https:\/\/unduoroliste.net\/index.php?rest_route=%2Fwp%2Fv2%2Fmedia&parent=379"}],"curies":[{"name":"wp","href":"https:\/\/api.w.org\/{rel}","templated":true}]}}