{"id":377,"date":"2022-03-28T00:06:08","date_gmt":"2022-03-27T23:06:08","guid":{"rendered":"https:\/\/unduoroliste.net\/?page_id=377"},"modified":"2023-11-19T19:41:06","modified_gmt":"2023-11-19T18:41:06","slug":"vous-sortez-le-de-fetiche-de-votre-poche","status":"publish","type":"page","link":"https:\/\/unduoroliste.net\/?page_id=377","title":{"rendered":"Vous sortez le d\u00e9 f\u00e9tiche de votre poche&#8230;"},"content":{"rendered":"\n<figure class=\"wp-block-embed is-type-rich is-provider-prise-en-charge-des-contenus-embarqu-s wp-block-embed-prise-en-charge-des-contenus-embarqu-s\"><div class=\"wp-block-embed__wrapper\">\n<audio class=\"wp-audio-shortcode\" id=\"audio-377-1\" preload=\"none\" style=\"width: 100%;\" controls=\"controls\"><source type=\"audio\/mpeg\" src=\"https:\/\/unduoroliste.net\/wp-content\/uploads\/2022\/03\/1DR_LADVEH_US_27.mp3?_=1\" \/><a href=\"https:\/\/unduoroliste.net\/wp-content\/uploads\/2022\/03\/1DR_LADVEH_US_27.mp3\">https:\/\/unduoroliste.net\/wp-content\/uploads\/2022\/03\/1DR_LADVEH_US_27.mp3<\/a><\/audio>\n<\/div><\/figure>\n\n\n<div class=\"bg-margin-for-link\"><input type='hidden' bg_collapse_expand='69e550be2bcb21081304106' value='69e550be2bcb21081304106'><input type='hidden' id='bg-show-more-text-69e550be2bcb21081304106' value='Transcription'><input type='hidden' id='bg-show-less-text-69e550be2bcb21081304106' value='Fermer la Transcription'><a id='bg-showmore-action-69e550be2bcb21081304106' class='bg-showmore-plg-link  '  style=\" color:inherit;;\" href='#'>Transcription<\/a><div id='bg-showmore-hidden-69e550be2bcb21081304106' ><\/p>\n\n\n\n<p class=\"\">Vous sortez le d\u00e9 f\u00e9tiche de votre poche avant qu&#8217;elle puisse finir sa phrase et le tenez devant elle.<\/p>\n\n\n\n<p class=\"\">&#8220;Je t&#8217;en prie, l&#8217;Ultime Suppl\u00e9ment est tellement important pour moi que je suis capable de t&#8217;offrir ce d\u00e9, cet unique d\u00e9, mon pr\u00e9ciiieeeuxx qui m&#8217;a offert mes meilleurs critiques et ne m&#8217;a jamais entrain\u00e9 sur un fumble.&#8221;<\/p>\n\n\n\n<p class=\"\">Suppliez-vous, la larme \u00e0 l&#8217;\u0153il et votre f\u00e9tiche tendu en offrande. A votre d\u00e9tresse, et comprenant l&#8217;importance pour vous, Mystra s&#8217;empare d\u00e9licatement de l&#8217;objet d&#8217;un geste noble et magnanime.<\/p>\n\n\n\n<p class=\"\">&#8220;Soit, tu n&#8217;as pas la bonne r\u00e9ponse mais ce geste est grand. Je prendrai soin de ton d\u00e9. Maintenant, va !&#8221; dit-elle en vous laissant la place.<\/p>\n\n\n\n<p class=\"\">Vous vous avancez devant le comptoir. Gr\u00e2ce au sacrifice que vous venez de faire, l&#8217;Ultime Suppl\u00e9ment est maintenant \u00e0 port\u00e9e de main.<\/p>\n\n\n\n<p class=\"\"><\/div><\/div>\n\n\n\n<p class=\"\"><\/p>\n\n\n\n<p class=\"\"><\/p>\n\n\n\n<p class=\"has-medium-font-size\"><a href=\"https:\/\/unduoroliste.net\/?page_id=213\">Allez ici<\/a>.<\/p>\n\n\n<div class=\"wp-block-image\">\n<figure class=\"aligncenter size-full\"><img data-recalc-dims=\"1\" loading=\"lazy\" decoding=\"async\" width=\"333\" height=\"500\" src=\"https:\/\/i0.wp.com\/unduoroliste.net\/wp-content\/uploads\/2022\/03\/LADVEH-US-27.png?resize=333%2C500&#038;ssl=1\" alt=\"\" class=\"wp-image-275\" srcset=\"https:\/\/i0.wp.com\/unduoroliste.net\/wp-content\/uploads\/2022\/03\/LADVEH-US-27.png?w=333&amp;ssl=1 333w, https:\/\/i0.wp.com\/unduoroliste.net\/wp-content\/uploads\/2022\/03\/LADVEH-US-27.png?resize=200%2C300&amp;ssl=1 200w\" sizes=\"auto, (max-width: 333px) 100vw, 333px\" \/><\/figure>\n<\/div>","protected":false},"excerpt":{"rendered":"<p>Allez ici.<\/p>\n","protected":false},"author":2,"featured_media":0,"parent":180,"menu_order":0,"comment_status":"closed","ping_status":"closed","template":"","meta":{"nf_dc_page":"","footnotes":""},"class_list":["post-377","page","type-page","status-publish","hentry"],"aioseo_notices":[],"jetpack_sharing_enabled":true,"_links":{"self":[{"href":"https:\/\/unduoroliste.net\/index.php?rest_route=\/wp\/v2\/pages\/377","targetHints":{"allow":["GET"]}}],"collection":[{"href":"https:\/\/unduoroliste.net\/index.php?rest_route=\/wp\/v2\/pages"}],"about":[{"href":"https:\/\/unduoroliste.net\/index.php?rest_route=\/wp\/v2\/types\/page"}],"author":[{"embeddable":true,"href":"https:\/\/unduoroliste.net\/index.php?rest_route=\/wp\/v2\/users\/2"}],"replies":[{"embeddable":true,"href":"https:\/\/unduoroliste.net\/index.php?rest_route=%2Fwp%2Fv2%2Fcomments&post=377"}],"version-history":[{"count":5,"href":"https:\/\/unduoroliste.net\/index.php?rest_route=\/wp\/v2\/pages\/377\/revisions"}],"predecessor-version":[{"id":6046,"href":"https:\/\/unduoroliste.net\/index.php?rest_route=\/wp\/v2\/pages\/377\/revisions\/6046"}],"up":[{"embeddable":true,"href":"https:\/\/unduoroliste.net\/index.php?rest_route=\/wp\/v2\/pages\/180"}],"wp:attachment":[{"href":"https:\/\/unduoroliste.net\/index.php?rest_route=%2Fwp%2Fv2%2Fmedia&parent=377"}],"curies":[{"name":"wp","href":"https:\/\/api.w.org\/{rel}","templated":true}]}}