{"id":372,"date":"2022-03-28T00:11:54","date_gmt":"2022-03-27T23:11:54","guid":{"rendered":"https:\/\/unduoroliste.net\/?page_id=372"},"modified":"2023-11-19T19:41:56","modified_gmt":"2023-11-19T18:41:56","slug":"la-bas-papa-cest-la-personne-dont-je-tai-parlee","status":"publish","type":"page","link":"https:\/\/unduoroliste.net\/?page_id=372","title":{"rendered":"L\u00e0-bas, Papa, c&#8217;est la personne dont je t&#8217;ai parl\u00e9e"},"content":{"rendered":"\n<figure class=\"wp-block-embed is-type-rich is-provider-prise-en-charge-des-contenus-embarqu-s wp-block-embed-prise-en-charge-des-contenus-embarqu-s\"><div class=\"wp-block-embed__wrapper\">\n<audio class=\"wp-audio-shortcode\" id=\"audio-372-1\" preload=\"none\" style=\"width: 100%;\" controls=\"controls\"><source type=\"audio\/mpeg\" src=\"https:\/\/unduoroliste.net\/wp-content\/uploads\/2022\/03\/1DR_LADVEH_US_25.mp3?_=1\" \/><a href=\"https:\/\/unduoroliste.net\/wp-content\/uploads\/2022\/03\/1DR_LADVEH_US_25.mp3\">https:\/\/unduoroliste.net\/wp-content\/uploads\/2022\/03\/1DR_LADVEH_US_25.mp3<\/a><\/audio>\n<\/div><\/figure>\n\n\n<div class=\"bg-margin-for-link\"><input type='hidden' bg_collapse_expand='69e5660b88f124037227018' value='69e5660b88f124037227018'><input type='hidden' id='bg-show-more-text-69e5660b88f124037227018' value='Transcription'><input type='hidden' id='bg-show-less-text-69e5660b88f124037227018' value='Fermer la Transcription'><a id='bg-showmore-action-69e5660b88f124037227018' class='bg-showmore-plg-link  '  style=\" color:inherit;;\" href='#'>Transcription<\/a><div id='bg-showmore-hidden-69e5660b88f124037227018' ><\/p>\n\n\n\n<p class=\"\">&#8220;L\u00e0-bas, Papa, c&#8217;est la personne dont je t&#8217;ai parl\u00e9e !&#8221; Vous vous retournez et apercevez au fond du magasin l&#8217;adolescent du bus. A c\u00f4t\u00e9 se tient\u2026 CE N&#8217;EST PAS POSSIBLE ! Il s&#8217;agit de Guillaume Gulis\u00e9rix, votre auteur de JdR pr\u00e9f\u00e9r\u00e9, l&#8217;auteur de l&#8217;Ultime Suppl\u00e9ment ! Et il est dans la Taverne de la Vouivre !<\/p>\n\n\n\n<p class=\"\">Celui-ci s&#8217;approche de vous, un air reconnaissant sur son visage.<\/p>\n\n\n\n<p class=\"\">&#8220;Merci d&#8217;avoir aid\u00e9 mon fils tout \u00e0 l&#8217;heure, je ne sais vraiment pas ce qu&#8217;il aurait fait sans vous. Il a apparemment \u00e9t\u00e9 bouscul\u00e9 par une brute\u2026 La brute qui l&#8217;a renvers\u00e9 n&#8217;a m\u00eame pas regard\u00e9 derri\u00e8re elle\u2026&#8221;<\/p>\n\n\n\n<p class=\"\">A ces mots, vous entendez un &#8220;gasp&#8221; au fond de la pi\u00e8ce. C&#8217;est Orph\u00e9e, le visage horrifi\u00e9(e), qui vient de comprendre que le fils de Gulis\u00e9rix est tomb\u00e9 par sa faute ! Terrifi\u00e9(e) \u00e0 l&#8217;id\u00e9e de se faire reconna\u00eetre, Orph\u00e9e sort en courant de la Taverne. &#8220;C&#8217;est bien fait !&#8221;, vous pensez.<\/p>\n\n\n\n<p class=\"\">Gulis\u00e9rix remarque alors que vous tenez dans votre main l&#8217;Ultime Suppl\u00e9ment.<\/p>\n\n\n\n<p class=\"\">&#8220;Vous aimeriez que je vous le d\u00e9dicace ? C&#8217;est la moindre des choses que je pourrais faire en signe de gratitude.&#8221;<\/p>\n\n\n\n<p class=\"\">Sans voix, transi(e) par la pr\u00e9sence de votre idole, vous \u00eates paralys\u00e9 \u00e0 tel point que les mots ne peuvent pas sortir de votre bouche. Gentiment, Guilis\u00e9rix prend l&#8217;exemplaire de votre main et l&#8217;ouvre \u00e0 la premi\u00e8re page. Il \u00e9crit : &#8220;L&#8217;h\u00e9ro\u00efsme ne se trouve pas uniquement dans les parties de JdR. Celle dont vous avez fait preuve aujourd&#8217;hui m\u00e9rite tout autant les louanges des bardes. Sign\u00e9 : Guillaume Gulis\u00e9rix&#8221;<\/p>\n\n\n\n<p class=\"\">Vous manquez de d\u00e9faillir et vos jambes flageolent. Gulis\u00e9rix vous rend votre copie de l&#8217;Ultime Suppl\u00e9ment et vous fait un large sourire. Puis, comme de rien, il prend les poign\u00e9es de la chaise roulante de son fils et tous deux quittent le magasin.<\/p>\n\n\n\n<p class=\"\">Pour votre part, vous \u00eates sur un petit nuage. Quelle journ\u00e9e ! Vous avez affront\u00e9 votre N\u00e9m\u00e9sis, calm\u00e9 une foule en furie, battu \u00e0 son propre jeu un champion, prouv\u00e9 votre valeur aupr\u00e8s d&#8217;une figure d&#8217;autorit\u00e9 et re\u00e7u des louanges de votre idole ! C&#8217;est une aventure digne d&#8217;\u00eatre racont\u00e9e pendant un si\u00e8cle au moins !<\/p>\n\n\n\n<p class=\"\">&lt; musique &gt; Mais alors que tous vous regardent avec envie et admiration, vous entendez une musique famili\u00e8re. Serait-il possible que tout ceci n&#8217;ait \u00e9t\u00e9 qu&#8217;un r\u00eave ? &lt; pause &gt; Certainement pas ! Vous avez eu l&#8217;Ultime Suppl\u00e9ment et en plus il est d\u00e9dicac\u00e9 ! Hors de question que vous l&#8217;abandonniez !<\/p>\n\n\n\n<p class=\"\"><\/div><\/div>\n\n\n\n<p class=\"\"><\/p>\n\n\n\n<p class=\"\"><\/p>\n\n\n\n<p class=\"has-medium-font-size\"><em>F\u00e9licitations ! Vous avez compl\u00e9t\u00e9 cette aventure avec succ\u00e8s et avez m\u00eame d\u00e9bloqu\u00e9 la fin ultime !<\/em><\/p>\n\n\n\n<p class=\"has-medium-font-size\"><em>Nous esp\u00e9rons que cela vous a plu et que vous avez pass\u00e9 un bon moment. Si vous voulez vous vanter aupr\u00e8s de tout le monde, envoyez-nous un message sur les r\u00e9seaux sociaux et on vous f\u00e9licitera officiellement !<\/em><\/p>\n\n\n\n<p class=\"has-medium-font-size\">Pour voir les cr\u00e9dits et d\u00e9couvrir toutes les r\u00e9f\u00e9rences geeks que nous avons utilis\u00e9es, <a href=\"https:\/\/unduoroliste.net\/?page_id=451\">allez ici<\/a>.<\/p>\n\n\n\n<h3 class=\"wp-block-heading has-text-color\" style=\"color:#075ce3\">Mode JdR (\u00a7)<\/h3>\n\n\n\n<p class=\"has-text-color has-medium-font-size\" style=\"color:#075ce3\"><strong>ATTENDEZ !<\/strong> Vous avez eu deux \u00e9toiles ou plus ? Alors quelque chose de sp\u00e9cial vous attend. <a href=\"https:\/\/unduoroliste.net\/?page_id=383\">Allez ici<\/a>.<\/p>\n\n\n<div class=\"wp-block-image\">\n<figure class=\"aligncenter size-full\"><img data-recalc-dims=\"1\" loading=\"lazy\" decoding=\"async\" width=\"346\" height=\"480\" src=\"https:\/\/i0.wp.com\/unduoroliste.net\/wp-content\/uploads\/2022\/03\/LADVEH-US-29-30.png?resize=346%2C480&#038;ssl=1\" alt=\"Image de la couverture du livre l'Ultime Suppl\u00e9ment, illustrant Druidzz, le Gardien de l'Autre Monde\" class=\"wp-image-248\" srcset=\"https:\/\/i0.wp.com\/unduoroliste.net\/wp-content\/uploads\/2022\/03\/LADVEH-US-29-30.png?w=346&amp;ssl=1 346w, https:\/\/i0.wp.com\/unduoroliste.net\/wp-content\/uploads\/2022\/03\/LADVEH-US-29-30.png?resize=216%2C300&amp;ssl=1 216w\" sizes=\"auto, (max-width: 346px) 100vw, 346px\" \/><\/figure>\n<\/div>","protected":false},"excerpt":{"rendered":"<p>F\u00e9licitations ! Vous avez compl\u00e9t\u00e9 cette aventure avec succ\u00e8s et avez m\u00eame d\u00e9bloqu\u00e9 la fin ultime ! Nous esp\u00e9rons que cela vous a plu et que vous avez pass\u00e9 un [&hellip;]<\/p>\n","protected":false},"author":2,"featured_media":0,"parent":180,"menu_order":0,"comment_status":"closed","ping_status":"closed","template":"","meta":{"nf_dc_page":"","footnotes":""},"class_list":["post-372","page","type-page","status-publish","hentry"],"aioseo_notices":[],"jetpack_sharing_enabled":true,"_links":{"self":[{"href":"https:\/\/unduoroliste.net\/index.php?rest_route=\/wp\/v2\/pages\/372","targetHints":{"allow":["GET"]}}],"collection":[{"href":"https:\/\/unduoroliste.net\/index.php?rest_route=\/wp\/v2\/pages"}],"about":[{"href":"https:\/\/unduoroliste.net\/index.php?rest_route=\/wp\/v2\/types\/page"}],"author":[{"embeddable":true,"href":"https:\/\/unduoroliste.net\/index.php?rest_route=\/wp\/v2\/users\/2"}],"replies":[{"embeddable":true,"href":"https:\/\/unduoroliste.net\/index.php?rest_route=%2Fwp%2Fv2%2Fcomments&post=372"}],"version-history":[{"count":5,"href":"https:\/\/unduoroliste.net\/index.php?rest_route=\/wp\/v2\/pages\/372\/revisions"}],"predecessor-version":[{"id":6052,"href":"https:\/\/unduoroliste.net\/index.php?rest_route=\/wp\/v2\/pages\/372\/revisions\/6052"}],"up":[{"embeddable":true,"href":"https:\/\/unduoroliste.net\/index.php?rest_route=\/wp\/v2\/pages\/180"}],"wp:attachment":[{"href":"https:\/\/unduoroliste.net\/index.php?rest_route=%2Fwp%2Fv2%2Fmedia&parent=372"}],"curies":[{"name":"wp","href":"https:\/\/api.w.org\/{rel}","templated":true}]}}