{"id":370,"date":"2022-03-27T22:37:33","date_gmt":"2022-03-27T21:37:33","guid":{"rendered":"https:\/\/unduoroliste.net\/?page_id=370"},"modified":"2023-11-19T19:43:24","modified_gmt":"2023-11-19T18:43:24","slug":"vous-pensiez-retourner-les-coeurs-mais-ce-fut-lechec-critique","status":"publish","type":"page","link":"https:\/\/unduoroliste.net\/?page_id=370","title":{"rendered":"Vous pensiez retourner les c\u0153urs, mais ce fut l&#8217;\u00e9chec critique&#8230;"},"content":{"rendered":"\n<figure class=\"wp-block-embed is-type-rich is-provider-prise-en-charge-des-contenus-embarqu-s wp-block-embed-prise-en-charge-des-contenus-embarqu-s\"><div class=\"wp-block-embed__wrapper\">\n<audio class=\"wp-audio-shortcode\" id=\"audio-370-1\" preload=\"none\" style=\"width: 100%;\" controls=\"controls\"><source type=\"audio\/mpeg\" src=\"https:\/\/unduoroliste.net\/wp-content\/uploads\/2022\/03\/1DR_LADVEH_US_24.mp3?_=1\" \/><a href=\"https:\/\/unduoroliste.net\/wp-content\/uploads\/2022\/03\/1DR_LADVEH_US_24.mp3\">https:\/\/unduoroliste.net\/wp-content\/uploads\/2022\/03\/1DR_LADVEH_US_24.mp3<\/a><\/audio>\n<\/div><\/figure>\n\n\n<div class=\"bg-margin-for-link\"><input type='hidden' bg_collapse_expand='69e4dfdea534d8094898295' value='69e4dfdea534d8094898295'><input type='hidden' id='bg-show-more-text-69e4dfdea534d8094898295' value='Transcription'><input type='hidden' id='bg-show-less-text-69e4dfdea534d8094898295' value='Fermer la Transcription'><a id='bg-showmore-action-69e4dfdea534d8094898295' class='bg-showmore-plg-link  '  style=\" color:inherit;;\" href='#'>Transcription<\/a><div id='bg-showmore-hidden-69e4dfdea534d8094898295' ><\/p>\n\n\n\n<p class=\"\">Vous pensiez retourner les c\u0153urs, mais ce fut l&#8217;\u00e9chec critique. Alors que la foule est encore en train de dig\u00e9rer vos paroles, un rire arrogant tonitrue : Orph\u00e9e de nouveau.\u202f<\/p>\n\n\n\n<p class=\"\">&#8220;J\u2019hallucine ! Ecoutez qui parle ! Dommage qu&#8217;elles viennent de la personne qui a d\u00e9clar\u00e9 publiquement lors de la Convention des Arcanes \u00e0 Montpellier que les jeux \u00e0 narration partag\u00e9e n&#8217;\u00e9taient m\u00eame pas de vrais jeux de r\u00f4les\u2026&#8221;<\/p>\n\n\n\n<p class=\"\">Ces paroles vous percent le c\u0153ur et vous figez. Le pire, c&#8217;est que c&#8217;est vrai : vous l&#8217;avez vraiment dit. C&#8217;\u00e9tait il y a longtemps, lorsque vous \u00e9tiez plus jeune et moins exp\u00e9riment\u00e9.\u202fMais depuis vous avez reconnu votre erreur et avez pr\u00e9sent\u00e9 des excuses publiques.\u202f<\/p>\n\n\n\n<p class=\"\">Mais vous n&#8217;avez pas le temps de vous justifier. Les visages autour de vous, tout d&#8217;abord choqu\u00e9s, affichent maintenant une expression de col\u00e8re. La foule mena\u00e7ante commence alors \u00e0 vous encercler. Il n&#8217;y a qu&#8217;une chose \u00e0 faire : s&#8217;enfuir ! Vous d\u00e9guerpissez.<\/p>\n\n\n\n<p class=\"\">&lt; musique &gt; Mais alors que vous courez dans les rues, poursuivi(e) par\u202fla foule en furie,\u202fvous entendez une musique famili\u00e8re. Serait-il possible que tout ceci n&#8217;ait \u00e9t\u00e9 qu&#8217;un r\u00eave ?<\/p>\n\n\n\n<p class=\"\"><\/div><\/div>\n\n\n\n<p class=\"\"><\/p>\n\n\n\n<p class=\"\"><\/p>\n\n\n\n<p class=\"has-medium-font-size\"><a href=\"https:\/\/unduoroliste.net\/?page_id=387\">Allez ici<\/a>.<\/p>\n\n\n<div class=\"wp-block-image\">\n<figure class=\"aligncenter size-full\"><img data-recalc-dims=\"1\" loading=\"lazy\" decoding=\"async\" width=\"332\" height=\"152\" src=\"https:\/\/i0.wp.com\/unduoroliste.net\/wp-content\/uploads\/2022\/03\/LADVEH-US-18.png?resize=332%2C152&#038;ssl=1\" alt=\"\" class=\"wp-image-266\" srcset=\"https:\/\/i0.wp.com\/unduoroliste.net\/wp-content\/uploads\/2022\/03\/LADVEH-US-18.png?w=332&amp;ssl=1 332w, https:\/\/i0.wp.com\/unduoroliste.net\/wp-content\/uploads\/2022\/03\/LADVEH-US-18.png?resize=300%2C137&amp;ssl=1 300w\" sizes=\"auto, (max-width: 332px) 100vw, 332px\" \/><\/figure>\n<\/div>","protected":false},"excerpt":{"rendered":"<p>Allez ici.<\/p>\n","protected":false},"author":2,"featured_media":0,"parent":180,"menu_order":0,"comment_status":"closed","ping_status":"closed","template":"","meta":{"nf_dc_page":"","footnotes":""},"class_list":["post-370","page","type-page","status-publish","hentry"],"aioseo_notices":[],"jetpack_sharing_enabled":true,"_links":{"self":[{"href":"https:\/\/unduoroliste.net\/index.php?rest_route=\/wp\/v2\/pages\/370","targetHints":{"allow":["GET"]}}],"collection":[{"href":"https:\/\/unduoroliste.net\/index.php?rest_route=\/wp\/v2\/pages"}],"about":[{"href":"https:\/\/unduoroliste.net\/index.php?rest_route=\/wp\/v2\/types\/page"}],"author":[{"embeddable":true,"href":"https:\/\/unduoroliste.net\/index.php?rest_route=\/wp\/v2\/users\/2"}],"replies":[{"embeddable":true,"href":"https:\/\/unduoroliste.net\/index.php?rest_route=%2Fwp%2Fv2%2Fcomments&post=370"}],"version-history":[{"count":4,"href":"https:\/\/unduoroliste.net\/index.php?rest_route=\/wp\/v2\/pages\/370\/revisions"}],"predecessor-version":[{"id":6054,"href":"https:\/\/unduoroliste.net\/index.php?rest_route=\/wp\/v2\/pages\/370\/revisions\/6054"}],"up":[{"embeddable":true,"href":"https:\/\/unduoroliste.net\/index.php?rest_route=\/wp\/v2\/pages\/180"}],"wp:attachment":[{"href":"https:\/\/unduoroliste.net\/index.php?rest_route=%2Fwp%2Fv2%2Fmedia&parent=370"}],"curies":[{"name":"wp","href":"https:\/\/api.w.org\/{rel}","templated":true}]}}