{"id":365,"date":"2022-03-27T22:23:06","date_gmt":"2022-03-27T21:23:06","guid":{"rendered":"https:\/\/unduoroliste.net\/?page_id=365"},"modified":"2023-11-19T19:43:37","modified_gmt":"2023-11-19T18:43:37","slug":"quest-ce-que-cest-que-ce-bazar","status":"publish","type":"page","link":"https:\/\/unduoroliste.net\/?page_id=365","title":{"rendered":"Qu\u2019est-ce que c\u2019est que ce bazar ?"},"content":{"rendered":"\n<figure class=\"wp-block-embed is-type-rich is-provider-prise-en-charge-des-contenus-embarqu-s wp-block-embed-prise-en-charge-des-contenus-embarqu-s\"><div class=\"wp-block-embed__wrapper\">\n<audio class=\"wp-audio-shortcode\" id=\"audio-365-1\" preload=\"none\" style=\"width: 100%;\" controls=\"controls\"><source type=\"audio\/mpeg\" src=\"https:\/\/unduoroliste.net\/wp-content\/uploads\/2022\/03\/1DR_LADVEH_US_22.mp3?_=1\" \/><a href=\"https:\/\/unduoroliste.net\/wp-content\/uploads\/2022\/03\/1DR_LADVEH_US_22.mp3\">https:\/\/unduoroliste.net\/wp-content\/uploads\/2022\/03\/1DR_LADVEH_US_22.mp3<\/a><\/audio>\n<\/div><\/figure>\n\n\n<div class=\"bg-margin-for-link\"><input type='hidden' bg_collapse_expand='69e4b1aa588851030354064' value='69e4b1aa588851030354064'><input type='hidden' id='bg-show-more-text-69e4b1aa588851030354064' value='Transcription'><input type='hidden' id='bg-show-less-text-69e4b1aa588851030354064' value='Fermer la Transcription'><a id='bg-showmore-action-69e4b1aa588851030354064' class='bg-showmore-plg-link  '  style=\" color:inherit;;\" href='#'>Transcription<\/a><div id='bg-showmore-hidden-69e4b1aa588851030354064' ><\/p>\n\n\n\n<p class=\"\">Qu\u2019est-ce que c\u2019est que ce bazar ? Devant la Taverne de la Vouivre s&#8217;est form\u00e9e une longue ligne d&#8217;attente. Il y a au moins une centaine de personnes ! Tout le monde s&#8217;est lev\u00e9 aux aurores pour avoir une chance d&#8217;avoir une copie de l\u2019Ultime Suppl\u00e9ment !!! Si \u00e7a se trouve, le temps que vous arriviez \u00e0 la caisse, il n&#8217;y en aura plus pour vous. Malheur !<\/p>\n\n\n\n<p class=\"\">Vous vous mettez dans la file d&#8217;attente. Devant vous se trouvent deux larges groupes, bien distinctifs : dans le premier, des jeunes habill\u00e9s de v\u00eatements disparates, long t-shirt avec des logos et phrases catchy \u00ab\u202fEpic Games mon Amour\u202f\u00bb, &#8220;Sam &amp; Max ont mang\u00e9 mes devoirs&#8221;, \u00ab\u202fUltima Online\u202f\u00bb, \u00ab\u202fWorld of Warcraft \u00bb, etc\u2026 Bref des gamers ! Et dans l\u2019autre, des personnes en tenues harmonis\u00e9es avec le th\u00e8me de l&#8217;Ultime Suppl\u00e9ment, des GNistes\u2026 \u00c7a discute beaucoup et malheureusement, \u00e7a n&#8217;avance pas du tout.<\/p>\n\n\n\n<p class=\"\">Tout d&#8217;un coup, le ton monte. Une gameuse semble furieuse et r\u00e9torque furieusement : &#8220;Mais pas du tout ! La version collector de l&#8217;Ultime Suppl\u00e9ment devrait contenir un pack d&#8217;items VTT !&#8221; Mais son interlocutrice, une GNiste, n&#8217;est clairement pas d&#8217;accord : &#8220;N&#8217;importe quoi, d&#8217;apr\u00e8s JDR Leak, ce serait une tenue sp\u00e9ciale de Druidzz, le Gardien de l&#8217;Autre Monde ! T&#8217;es vraiment nulle !&#8221;<\/p>\n\n\n\n<p class=\"\">Ouh l\u00e0 l\u00e0 ! Cette derni\u00e8re phrase met le feu aux poudres et les deux groupes s&#8217;\u00e9nervent. Se faisant maintenant face,\u202f ils s&#8217;haranguent et la tension monte. L&#8217;un d&#8217;eux, voyant votre T-Shirt Retour vers le Futur, vous interpelle : &#8220;Eh, toi ! A ton avis, ce sera un pack d&#8217;items ou une tenue ?&#8221; Toutes les t\u00eates se tournent alors vers vous. Pas de pression !<\/p>\n\n\n\n<p class=\"\"><\/div><\/div>\n\n\n\n<p class=\"\"><\/p>\n\n\n\n<p class=\"\"><\/p>\n\n\n\n<p class=\"has-medium-font-size\">Si vous r\u00e9pondez le pack d&#8217;items VTT, <a href=\"https:\/\/unduoroliste.net\/?page_id=332\">allez ici<\/a>.<\/p>\n\n\n\n<p class=\"has-medium-font-size\">Si vous r\u00e9pondez la tenue de Druidzz, <a href=\"https:\/\/unduoroliste.net\/?page_id=323\">allez ici<\/a>.<\/p>\n\n\n\n<p class=\"has-medium-font-size\">Si vous tentez de calmer la discussion, <a href=\"https:\/\/unduoroliste.net\/?page_id=379\">allez ici<\/a>.<\/p>\n\n\n<div class=\"wp-block-image\">\n<figure class=\"aligncenter size-full\"><img data-recalc-dims=\"1\" loading=\"lazy\" decoding=\"async\" width=\"575\" height=\"375\" src=\"https:\/\/i0.wp.com\/unduoroliste.net\/wp-content\/uploads\/2022\/03\/LADVEH-US-13.png?resize=575%2C375&#038;ssl=1\" alt=\"Image d'une file d'attente o\u00f9 tous les gens sont habill\u00e9s en cosplay\" class=\"wp-image-261\" srcset=\"https:\/\/i0.wp.com\/unduoroliste.net\/wp-content\/uploads\/2022\/03\/LADVEH-US-13.png?w=575&amp;ssl=1 575w, https:\/\/i0.wp.com\/unduoroliste.net\/wp-content\/uploads\/2022\/03\/LADVEH-US-13.png?resize=300%2C196&amp;ssl=1 300w\" sizes=\"auto, (max-width: 575px) 100vw, 575px\" \/><\/figure>\n<\/div>","protected":false},"excerpt":{"rendered":"<p>Si vous r\u00e9pondez le pack d&#8217;items VTT, allez ici. Si vous r\u00e9pondez la tenue de Druidzz, allez ici. Si vous tentez de calmer la discussion, allez ici.<\/p>\n","protected":false},"author":2,"featured_media":0,"parent":180,"menu_order":0,"comment_status":"closed","ping_status":"closed","template":"","meta":{"nf_dc_page":"","footnotes":""},"class_list":["post-365","page","type-page","status-publish","hentry"],"aioseo_notices":[],"jetpack_sharing_enabled":true,"_links":{"self":[{"href":"https:\/\/unduoroliste.net\/index.php?rest_route=\/wp\/v2\/pages\/365","targetHints":{"allow":["GET"]}}],"collection":[{"href":"https:\/\/unduoroliste.net\/index.php?rest_route=\/wp\/v2\/pages"}],"about":[{"href":"https:\/\/unduoroliste.net\/index.php?rest_route=\/wp\/v2\/types\/page"}],"author":[{"embeddable":true,"href":"https:\/\/unduoroliste.net\/index.php?rest_route=\/wp\/v2\/users\/2"}],"replies":[{"embeddable":true,"href":"https:\/\/unduoroliste.net\/index.php?rest_route=%2Fwp%2Fv2%2Fcomments&post=365"}],"version-history":[{"count":5,"href":"https:\/\/unduoroliste.net\/index.php?rest_route=\/wp\/v2\/pages\/365\/revisions"}],"predecessor-version":[{"id":6058,"href":"https:\/\/unduoroliste.net\/index.php?rest_route=\/wp\/v2\/pages\/365\/revisions\/6058"}],"up":[{"embeddable":true,"href":"https:\/\/unduoroliste.net\/index.php?rest_route=\/wp\/v2\/pages\/180"}],"wp:attachment":[{"href":"https:\/\/unduoroliste.net\/index.php?rest_route=%2Fwp%2Fv2%2Fmedia&parent=365"}],"curies":[{"name":"wp","href":"https:\/\/api.w.org\/{rel}","templated":true}]}}