{"id":363,"date":"2022-03-27T22:35:35","date_gmt":"2022-03-27T21:35:35","guid":{"rendered":"https:\/\/unduoroliste.net\/?page_id=363"},"modified":"2023-11-19T19:43:35","modified_gmt":"2023-11-19T18:43:35","slug":"la-foule-est-saisie-encore-en-transe-par-vos-paroles","status":"publish","type":"page","link":"https:\/\/unduoroliste.net\/?page_id=363","title":{"rendered":"La foule est saisie, encore en transe par vos paroles"},"content":{"rendered":"\n<figure class=\"wp-block-embed is-type-rich is-provider-prise-en-charge-des-contenus-embarqu-s wp-block-embed-prise-en-charge-des-contenus-embarqu-s\"><div class=\"wp-block-embed__wrapper\">\n<audio class=\"wp-audio-shortcode\" id=\"audio-363-1\" preload=\"none\" style=\"width: 100%;\" controls=\"controls\"><source type=\"audio\/mpeg\" src=\"https:\/\/unduoroliste.net\/wp-content\/uploads\/2022\/03\/1DR_LADVEH_US_21.mp3?_=1\" \/><a href=\"https:\/\/unduoroliste.net\/wp-content\/uploads\/2022\/03\/1DR_LADVEH_US_21.mp3\">https:\/\/unduoroliste.net\/wp-content\/uploads\/2022\/03\/1DR_LADVEH_US_21.mp3<\/a><\/audio>\n<\/div><\/figure>\n\n\n<div class=\"bg-margin-for-link\"><input type='hidden' bg_collapse_expand='69e4f33b3373d8042806916' value='69e4f33b3373d8042806916'><input type='hidden' id='bg-show-more-text-69e4f33b3373d8042806916' value='Transcription'><input type='hidden' id='bg-show-less-text-69e4f33b3373d8042806916' value='Fermer la Transcription'><a id='bg-showmore-action-69e4f33b3373d8042806916' class='bg-showmore-plg-link  '  style=\" color:inherit;;\" href='#'>Transcription<\/a><div id='bg-showmore-hidden-69e4f33b3373d8042806916' ><\/p>\n\n\n\n<p class=\"\">La foule est saisie, encore en transe par vos paroles. Soudain, la gameuse s&#8217;avance vers la GNiste : &#8220;Je suis d\u00e9sol\u00e9e, je n&#8217;aurais pas d\u00fb m&#8217;\u00e9nerver.&#8221; Une larme coule sur sa joue. La GNiste la prend dans ses bras en signe de r\u00e9conciliation. Devant ce geste symbolique, la foule s&#8217;anime : un rugissement d&#8217;applaudissements, des accolades, des pleurs, des rires\u2026 M\u00eame Orph\u00e9e, malgr\u00e9 sa nature insidieuse, fait un signe de t\u00eate symbolique et un l\u00e9ger sourire \u00e0 votre encontre, un t\u00e9moignage de respect inesp\u00e9r\u00e9. Peut-\u00eatre que votre relation pourrait s&#8217;am\u00e9liorer \u00e0 l&#8217;avenir ?<\/p>\n\n\n\n<p class=\"\">Dans la liesse g\u00e9n\u00e9rale, sous les heurs et les bravos, votre esprit aiguis\u00e9 reprend le dessus. Il ne faut pas oublier votre objectif : l&#8217;Ultime Suppl\u00e9ment ! Profitant de la distraction g\u00e9n\u00e9rale, vous vous glissez, aussi furtif qu&#8217;une ombre, vers l&#8217;entr\u00e9e de la Taverne de la Vouivre. Le but est proche !<\/p>\n\n\n\n<p class=\"\"><\/div><\/div>\n\n\n\n<p class=\"\"><\/p>\n\n\n\n<p class=\"\"><\/p>\n\n\n\n<p class=\"has-medium-font-size\"><a href=\"https:\/\/unduoroliste.net\/?page_id=352\">Allez ici<\/a>.<\/p>\n\n\n<div class=\"wp-block-image\">\n<figure class=\"aligncenter size-full\"><img data-recalc-dims=\"1\" loading=\"lazy\" decoding=\"async\" width=\"360\" height=\"240\" src=\"https:\/\/i0.wp.com\/unduoroliste.net\/wp-content\/uploads\/2022\/03\/LADVEH-US-17.jpg?resize=360%2C240&#038;ssl=1\" alt=\"Image montrant une foule heureuse, en train de siffler et applaudir, extrait de la s\u00e9rie t\u00e9l\u00e9vis\u00e9e am\u00e9ricaine Futurama\" class=\"wp-image-265\" srcset=\"https:\/\/i0.wp.com\/unduoroliste.net\/wp-content\/uploads\/2022\/03\/LADVEH-US-17.jpg?w=360&amp;ssl=1 360w, https:\/\/i0.wp.com\/unduoroliste.net\/wp-content\/uploads\/2022\/03\/LADVEH-US-17.jpg?resize=300%2C200&amp;ssl=1 300w\" sizes=\"auto, (max-width: 360px) 100vw, 360px\" \/><\/figure>\n<\/div>","protected":false},"excerpt":{"rendered":"<p>Allez ici.<\/p>\n","protected":false},"author":2,"featured_media":0,"parent":180,"menu_order":0,"comment_status":"closed","ping_status":"closed","template":"","meta":{"nf_dc_page":"","footnotes":""},"class_list":["post-363","page","type-page","status-publish","hentry"],"aioseo_notices":[],"jetpack_sharing_enabled":true,"_links":{"self":[{"href":"https:\/\/unduoroliste.net\/index.php?rest_route=\/wp\/v2\/pages\/363","targetHints":{"allow":["GET"]}}],"collection":[{"href":"https:\/\/unduoroliste.net\/index.php?rest_route=\/wp\/v2\/pages"}],"about":[{"href":"https:\/\/unduoroliste.net\/index.php?rest_route=\/wp\/v2\/types\/page"}],"author":[{"embeddable":true,"href":"https:\/\/unduoroliste.net\/index.php?rest_route=\/wp\/v2\/users\/2"}],"replies":[{"embeddable":true,"href":"https:\/\/unduoroliste.net\/index.php?rest_route=%2Fwp%2Fv2%2Fcomments&post=363"}],"version-history":[{"count":5,"href":"https:\/\/unduoroliste.net\/index.php?rest_route=\/wp\/v2\/pages\/363\/revisions"}],"predecessor-version":[{"id":6055,"href":"https:\/\/unduoroliste.net\/index.php?rest_route=\/wp\/v2\/pages\/363\/revisions\/6055"}],"up":[{"embeddable":true,"href":"https:\/\/unduoroliste.net\/index.php?rest_route=\/wp\/v2\/pages\/180"}],"wp:attachment":[{"href":"https:\/\/unduoroliste.net\/index.php?rest_route=%2Fwp%2Fv2%2Fmedia&parent=363"}],"curies":[{"name":"wp","href":"https:\/\/api.w.org\/{rel}","templated":true}]}}