{"id":359,"date":"2022-03-27T22:13:36","date_gmt":"2022-03-27T21:13:36","guid":{"rendered":"https:\/\/unduoroliste.net\/?page_id=359"},"modified":"2023-11-19T19:43:59","modified_gmt":"2023-11-19T18:43:59","slug":"vous-ne-passerez-pas","status":"publish","type":"page","link":"https:\/\/unduoroliste.net\/?page_id=359","title":{"rendered":"Vous ne passerez pas !"},"content":{"rendered":"\n<figure class=\"wp-block-embed is-type-rich is-provider-prise-en-charge-des-contenus-embarqu-s wp-block-embed-prise-en-charge-des-contenus-embarqu-s\"><div class=\"wp-block-embed__wrapper\">\n<audio class=\"wp-audio-shortcode\" id=\"audio-359-1\" preload=\"none\" style=\"width: 100%;\" controls=\"controls\"><source type=\"audio\/mpeg\" src=\"https:\/\/unduoroliste.net\/wp-content\/uploads\/2022\/03\/1DR_LADVEH_US_19.mp3?_=1\" \/><a href=\"https:\/\/unduoroliste.net\/wp-content\/uploads\/2022\/03\/1DR_LADVEH_US_19.mp3\">https:\/\/unduoroliste.net\/wp-content\/uploads\/2022\/03\/1DR_LADVEH_US_19.mp3<\/a><\/audio>\n<\/div><\/figure>\n\n\n<div class=\"bg-margin-for-link\"><input type='hidden' bg_collapse_expand='69e49ba8c8eb04095378443' value='69e49ba8c8eb04095378443'><input type='hidden' id='bg-show-more-text-69e49ba8c8eb04095378443' value='Transcription'><input type='hidden' id='bg-show-less-text-69e49ba8c8eb04095378443' value='Fermer la Transcription'><a id='bg-showmore-action-69e49ba8c8eb04095378443' class='bg-showmore-plg-link  '  style=\" color:inherit;;\" href='#'>Transcription<\/a><div id='bg-showmore-hidden-69e49ba8c8eb04095378443' ><\/p>\n\n\n\n<p class=\"\">&#8220;Vous ne passerez pas !&#8221; Tel Gandalf dans les mines de la Moria, vous tentez de repousser votre Balrog personnel, Orph\u00e9e, votre ennemi jur\u00e9, votre N\u00e9m\u00e9sis. Vous retirez votre pied et actionnez la fermeture manuelle de la porte. Serez-vous assez rapide ?\u2026<\/p>\n\n\n\n<p class=\"\"><\/div><\/div>\n\n\n\n<p class=\"\"><\/p>\n\n\n\n<p class=\"\"><\/p>\n\n\n\n<p class=\"has-text-color has-medium-font-size\" style=\"color:#d131cf\">Mode narratif (#)<\/p>\n\n\n\n<p class=\"has-text-color has-medium-font-size\" style=\"color:#d131cf\">La porte se ferme. <a href=\"https:\/\/unduoroliste.net\/?page_id=326\">Allez ici<\/a>.<\/p>\n\n\n\n<p class=\"has-text-color has-medium-font-size\" style=\"color:#075ce3\">Mode JdR (\u00a7)<\/p>\n\n\n\n<p class=\"has-text-color has-medium-font-size\" style=\"color:#075ce3\">Il est temps de lancer les d\u00e9s ! Cette fois-ci, vous devez faire <strong>sup\u00e9rieur ou \u00e9gal<\/strong> \u00e0 votre score. De plus, si vous faites exactement votre score, n&#8217;oubliez pas de marquer une \u00e9toile ! (<a href=\"https:\/\/www.aidedd.org\/dnd-dice\/index.php\" target=\"_blank\" rel=\"noreferrer noopener\">dice roller<\/a>)<\/p>\n\n\n\n<p class=\"has-text-color has-medium-font-size\" style=\"color:#075ce3\">Si vous r\u00e9ussissez, <a href=\"https:\/\/unduoroliste.net\/?page_id=326\">allez ici<\/a>.<\/p>\n\n\n\n<p class=\"has-text-color has-medium-font-size\" style=\"color:#075ce3\">Si vous \u00e9chouez, <a href=\"https:\/\/unduoroliste.net\/?page_id=361\">allez ici<\/a>.<\/p>\n\n\n<div class=\"wp-block-image\">\n<figure class=\"aligncenter size-full\"><img data-recalc-dims=\"1\" loading=\"lazy\" decoding=\"async\" width=\"600\" height=\"300\" src=\"https:\/\/i0.wp.com\/unduoroliste.net\/wp-content\/uploads\/2022\/03\/LADVEH-US-08.jpg?resize=600%2C300&#038;ssl=1\" alt=\"\" class=\"wp-image-256\" srcset=\"https:\/\/i0.wp.com\/unduoroliste.net\/wp-content\/uploads\/2022\/03\/LADVEH-US-08.jpg?w=600&amp;ssl=1 600w, https:\/\/i0.wp.com\/unduoroliste.net\/wp-content\/uploads\/2022\/03\/LADVEH-US-08.jpg?resize=300%2C150&amp;ssl=1 300w\" sizes=\"auto, (max-width: 600px) 100vw, 600px\" \/><\/figure>\n<\/div>","protected":false},"excerpt":{"rendered":"<p>Mode narratif (#) La porte se ferme. Allez ici. Mode JdR (\u00a7) Il est temps de lancer les d\u00e9s ! Cette fois-ci, vous devez faire sup\u00e9rieur ou \u00e9gal \u00e0 votre [&hellip;]<\/p>\n","protected":false},"author":2,"featured_media":0,"parent":180,"menu_order":0,"comment_status":"closed","ping_status":"closed","template":"","meta":{"nf_dc_page":"","footnotes":""},"class_list":["post-359","page","type-page","status-publish","hentry"],"aioseo_notices":[],"jetpack_sharing_enabled":true,"_links":{"self":[{"href":"https:\/\/unduoroliste.net\/index.php?rest_route=\/wp\/v2\/pages\/359","targetHints":{"allow":["GET"]}}],"collection":[{"href":"https:\/\/unduoroliste.net\/index.php?rest_route=\/wp\/v2\/pages"}],"about":[{"href":"https:\/\/unduoroliste.net\/index.php?rest_route=\/wp\/v2\/types\/page"}],"author":[{"embeddable":true,"href":"https:\/\/unduoroliste.net\/index.php?rest_route=\/wp\/v2\/users\/2"}],"replies":[{"embeddable":true,"href":"https:\/\/unduoroliste.net\/index.php?rest_route=%2Fwp%2Fv2%2Fcomments&post=359"}],"version-history":[{"count":5,"href":"https:\/\/unduoroliste.net\/index.php?rest_route=\/wp\/v2\/pages\/359\/revisions"}],"predecessor-version":[{"id":6063,"href":"https:\/\/unduoroliste.net\/index.php?rest_route=\/wp\/v2\/pages\/359\/revisions\/6063"}],"up":[{"embeddable":true,"href":"https:\/\/unduoroliste.net\/index.php?rest_route=\/wp\/v2\/pages\/180"}],"wp:attachment":[{"href":"https:\/\/unduoroliste.net\/index.php?rest_route=%2Fwp%2Fv2%2Fmedia&parent=359"}],"curies":[{"name":"wp","href":"https:\/\/api.w.org\/{rel}","templated":true}]}}