{"id":357,"date":"2022-03-28T00:08:50","date_gmt":"2022-03-27T23:08:50","guid":{"rendered":"https:\/\/unduoroliste.net\/?page_id=357"},"modified":"2023-11-19T19:41:03","modified_gmt":"2023-11-19T18:41:03","slug":"maintenant","status":"publish","type":"page","link":"https:\/\/unduoroliste.net\/?page_id=357","title":{"rendered":"Maintenant&#8230;"},"content":{"rendered":"\n<figure class=\"wp-block-embed is-type-rich is-provider-prise-en-charge-des-contenus-embarqu-s wp-block-embed-prise-en-charge-des-contenus-embarqu-s\"><div class=\"wp-block-embed__wrapper\">\n<audio class=\"wp-audio-shortcode\" id=\"audio-357-1\" preload=\"none\" style=\"width: 100%;\" controls=\"controls\"><source type=\"audio\/mpeg\" src=\"https:\/\/unduoroliste.net\/wp-content\/uploads\/2022\/03\/1DR_LADVEH_US_18.mp3?_=1\" \/><a href=\"https:\/\/unduoroliste.net\/wp-content\/uploads\/2022\/03\/1DR_LADVEH_US_18.mp3\">https:\/\/unduoroliste.net\/wp-content\/uploads\/2022\/03\/1DR_LADVEH_US_18.mp3<\/a><\/audio>\n<\/div><\/figure>\n\n\n<div class=\"bg-margin-for-link\"><input type='hidden' bg_collapse_expand='69e5556744b916027078435' value='69e5556744b916027078435'><input type='hidden' id='bg-show-more-text-69e5556744b916027078435' value='Transcription'><input type='hidden' id='bg-show-less-text-69e5556744b916027078435' value='Fermer la Transcription'><a id='bg-showmore-action-69e5556744b916027078435' class='bg-showmore-plg-link  '  style=\" color:inherit;;\" href='#'>Transcription<\/a><div id='bg-showmore-hidden-69e5556744b916027078435' ><\/p>\n\n\n\n<p class=\"\">&#8220;Maintenant&#8221;, et elle hausse le ton de la voix pour que tout le monde autour l&#8217;entende, &#8220;tu vas retourner \u00e0 ta place dans la file et arr\u00eater d&#8217;essayer de doubler.&#8221;<\/p>\n\n\n\n<p class=\"\">Triomphante, Mystra s&#8217;avance devant le comptoir et prends le dernier exemplaire de l&#8217;Ultime Suppl\u00e9ment que lui tend Marie. Elle irradie de joie, ce qui contraste avec les airs d\u00e9pit\u00e9s des autres personnes dans la ligne.<\/p>\n\n\n\n<p class=\"\">Derri\u00e8re vous, vous entendez la voix d&#8217;Orph\u00e9e qui vous dit : &#8220;Allez, t&#8217;en fais pas, Marie m&#8217;a dit que la prochaine livraison aura lieu dans trois semaines \u00e0 peine\u2026&#8221; Vous vous appr\u00eatez \u00e0 faire une remarque cinglante tout en vous retournant quand soudain, vous vous rendez compte qu&#8217;Orph\u00e9e tient dans sa main une copie de l&#8217;Ultime Suppl\u00e9ment. Voyant que vous regardez le livre, Orph\u00e9e ajoute d&#8217;un air nonchalant : &#8220;J&#8217;ai pay\u00e9 quelqu&#8217;un pour qu&#8217;il fasse la file \u00e0 ma place.&#8221;<\/p>\n\n\n\n<p class=\"\">Les larmes vous montent aux yeux : vous avez \u00e9t\u00e9 rat\u00e9 le livre de JdR de l&#8217;ann\u00e9e, \u00e9t\u00e9 ridiculis\u00e9(e) par la pr\u00e9sident du club de la ville et votre N\u00e9m\u00e9sis a d\u00e9croch\u00e9 le loot \u00e0 votre place\u2026 Vous avez envie de vous taper la t\u00eate contre les murs.<\/p>\n\n\n\n<p class=\"\">&lt; musique &gt; Et alors que vous voyez Orph\u00e9e et Mystra quitter le magasin, leur exemplaire sous le bras, tout en discutant de tout et de rien, vous entendez une musique famili\u00e8re. Serait-il possible que tout ceci n&#8217;ait \u00e9t\u00e9 qu&#8217;un r\u00eave ?<\/p>\n\n\n\n<p class=\"\"><\/div><\/div>\n\n\n\n<p class=\"\"><\/p>\n\n\n\n<p class=\"\"><\/p>\n\n\n\n<p class=\"has-medium-font-size\"><a href=\"https:\/\/unduoroliste.net\/?page_id=387\">Allez ici<\/a>.<\/p>\n\n\n<div class=\"wp-block-image\">\n<figure class=\"aligncenter size-full\"><img data-recalc-dims=\"1\" loading=\"lazy\" decoding=\"async\" width=\"640\" height=\"480\" src=\"https:\/\/i0.wp.com\/unduoroliste.net\/wp-content\/uploads\/2022\/03\/LADVEH-US-28.jpg?resize=640%2C480&#038;ssl=1\" alt=\"Image affichant les mots Game Over du jeu vid\u00e9o r\u00e9tro d'arcade, Pac Man\" class=\"wp-image-276\" srcset=\"https:\/\/i0.wp.com\/unduoroliste.net\/wp-content\/uploads\/2022\/03\/LADVEH-US-28.jpg?w=640&amp;ssl=1 640w, https:\/\/i0.wp.com\/unduoroliste.net\/wp-content\/uploads\/2022\/03\/LADVEH-US-28.jpg?resize=300%2C225&amp;ssl=1 300w\" sizes=\"auto, (max-width: 640px) 100vw, 640px\" \/><\/figure>\n<\/div>","protected":false},"excerpt":{"rendered":"<p>Allez ici.<\/p>\n","protected":false},"author":2,"featured_media":0,"parent":180,"menu_order":0,"comment_status":"closed","ping_status":"closed","template":"","meta":{"nf_dc_page":"","footnotes":""},"class_list":["post-357","page","type-page","status-publish","hentry"],"aioseo_notices":[],"jetpack_sharing_enabled":true,"_links":{"self":[{"href":"https:\/\/unduoroliste.net\/index.php?rest_route=\/wp\/v2\/pages\/357","targetHints":{"allow":["GET"]}}],"collection":[{"href":"https:\/\/unduoroliste.net\/index.php?rest_route=\/wp\/v2\/pages"}],"about":[{"href":"https:\/\/unduoroliste.net\/index.php?rest_route=\/wp\/v2\/types\/page"}],"author":[{"embeddable":true,"href":"https:\/\/unduoroliste.net\/index.php?rest_route=\/wp\/v2\/users\/2"}],"replies":[{"embeddable":true,"href":"https:\/\/unduoroliste.net\/index.php?rest_route=%2Fwp%2Fv2%2Fcomments&post=357"}],"version-history":[{"count":5,"href":"https:\/\/unduoroliste.net\/index.php?rest_route=\/wp\/v2\/pages\/357\/revisions"}],"predecessor-version":[{"id":6045,"href":"https:\/\/unduoroliste.net\/index.php?rest_route=\/wp\/v2\/pages\/357\/revisions\/6045"}],"up":[{"embeddable":true,"href":"https:\/\/unduoroliste.net\/index.php?rest_route=\/wp\/v2\/pages\/180"}],"wp:attachment":[{"href":"https:\/\/unduoroliste.net\/index.php?rest_route=%2Fwp%2Fv2%2Fmedia&parent=357"}],"curies":[{"name":"wp","href":"https:\/\/api.w.org\/{rel}","templated":true}]}}