{"id":352,"date":"2022-03-27T22:40:55","date_gmt":"2022-03-27T21:40:55","guid":{"rendered":"https:\/\/unduoroliste.net\/?page_id=352"},"modified":"2023-11-19T19:43:23","modified_gmt":"2023-11-19T18:43:23","slug":"encore-quelques-metres","status":"publish","type":"page","link":"https:\/\/unduoroliste.net\/?page_id=352","title":{"rendered":"Encore quelques m\u00e8tres&#8230;"},"content":{"rendered":"\n<figure class=\"wp-block-embed is-type-rich is-provider-prise-en-charge-des-contenus-embarques wp-block-embed-prise-en-charge-des-contenus-embarques\"><div class=\"wp-block-embed__wrapper\">\n<audio class=\"wp-audio-shortcode\" id=\"audio-352-1\" preload=\"none\" style=\"width: 100%;\" controls=\"controls\"><source type=\"audio\/mpeg\" src=\"https:\/\/unduoroliste.net\/wp-content\/uploads\/2022\/03\/1DR_LADVEH_US_16.mp3?_=1\" \/><a href=\"https:\/\/unduoroliste.net\/wp-content\/uploads\/2022\/03\/1DR_LADVEH_US_16.mp3\">https:\/\/unduoroliste.net\/wp-content\/uploads\/2022\/03\/1DR_LADVEH_US_16.mp3<\/a><\/audio>\n<\/div><\/figure>\n\n\n<div class=\"bg-margin-for-link\"><input type='hidden' bg_collapse_expand='69e4f7d9dfe526035168217' value='69e4f7d9dfe526035168217'><input type='hidden' id='bg-show-more-text-69e4f7d9dfe526035168217' value='Transcription'><input type='hidden' id='bg-show-less-text-69e4f7d9dfe526035168217' value='Fermer la Transcription'><a id='bg-showmore-action-69e4f7d9dfe526035168217' class='bg-showmore-plg-link  '  style=\" color:inherit;;\" href='#'>Transcription<\/a><div id='bg-showmore-hidden-69e4f7d9dfe526035168217' ><\/p>\n\n\n\n<p>Vous avez r\u00e9ussi \u00e0 vous faufiler dans ce lieu mythique, La Taverne de la Vouivre, o\u00f9 vous avez connu vos premi\u00e8res \u00e9motions.<\/p>\n\n\n\n<p>Vous souvenez encore du jour o\u00f9 vous avez pouss\u00e9 la porte, le tintement de la clochette, la vue des rayonnages et bacs de livres d\u00e9di\u00e9s \u00e0 votre loisir. Mais pas que, il y a le coin Comics\/BD\/Manga, le coin des jeux de cartes et bien s\u00fbr celui des joueurs de plateau avec ces figurines peintes avec amour pour repr\u00e9senter des Space Marines, des unit\u00e9s de Skaven. Ah que de souvenirs ! Comme le fameux pr\u00e9sentoir avec tous ces d\u00e9s aux formes et couleurs vari\u00e9es et surtout, le souvenir des discussions enflamm\u00e9es avec les diverses personnes sur des points de r\u00e8gles obscures de l\u2019attaque d\u2019opportunit\u00e9, de l\u2019utilisation d\u2019un don, ou est-ce que mon Ventrue perd de l\u2019humanit\u00e9 en poussant ses investissements dans le trading \u00e0 haute fr\u00e9quence, ou bien encore l\u2019interpr\u00e9tation du \u00ab\u202foui mais\u202f\u00bb des PbTA.<\/p>\n\n\n\n<p>Ce lieu synonyme de rep\u00e8re, de moment social o\u00f9 chaque personne est consid\u00e9r\u00e9e, \u00e9cout\u00e9e\u2026<\/p>\n\n\n\n<p>Vous voyez enfin devant vous la table avec la pile de livres de l\u2019Ultime Suppl\u00e9ment et Marie, la tenanci\u00e8re de la Taverne, qui les remet aux acheteurs. Il y a une magnifique banni\u00e8re repr\u00e9sentant l\u2019univers, Druidzz dans une pose \u00e9pique, et derni\u00e8re la table, au loin, vous distinguez\u2026<\/p>\n\n\n\n<p>&#8220;H\u00e9 ! Tu crois que je t&#8217;ai pas vu ?&#8221; Vous faites volte-face et vous retrouvez nez-\u00e0-nez avec Navet, 9 ans, qui vous regarde d&#8217;un air malicieux. Malgr\u00e9 son jeune \u00e2ge et son surnom ridicule, il est le champion tout \u00e2ge de Magic de la r\u00e9gion. Il est strat\u00e9gique, calculateur, rapide et aussi rus\u00e9 qu&#8217;un renard ! Il est tellement dou\u00e9 qu&#8217;\u00e0 le voir jouer en tournoi, on a l&#8217;impression qu&#8217;il a des pouvoirs magiques\u2026 D&#8217;ailleurs, c&#8217;est la raison pour laquelle plus personne ne veut jouer avec lui.<\/p>\n\n\n\n<p>&#8220;Je vais le dire \u00e0 tout le monde que tu grilles la file. A moins que\u2026&#8221;<\/p>\n\n\n\n<p>Une lueur flashe dans ses yeux, et un sourire se dessine sur ses l\u00e8vres. Dans ses mains, il tient f\u00e9brilement son Deck bleu : un deck Contr\u00f4le ! Vous comprenez facilement ce qu&#8217;il veut : un affrontement, et le battre est le seul moyen de rester dans la file. Vous \u00eates pi\u00e9g\u00e9(e).<\/p>\n\n\n\n<p>Lui aussi a vu que vous avez compris. Il d\u00e9signe \u00e0 c\u00f4t\u00e9 deux Deck : un noir et un rouge. Lequel allez-vous choisir ?<\/p>\n\n\n\n<p><\/div><\/div>\n\n\n\n<p><\/p>\n\n\n\n<p><\/p>\n\n\n\n<h3 class=\"has-text-color wp-block-heading\" style=\"color:#d131cf\">Mode narratif (#)<\/h3>\n\n\n\n<p class=\"has-text-color has-medium-font-size\" style=\"color:#d131cf\">Si vous avez dans votre sac \u00e0 dos votre propre deck Magic, <a href=\"https:\/\/unduoroliste.net\/?page_id=340\">allez ici<\/a>.<\/p>\n\n\n\n<p class=\"has-text-color has-medium-font-size\" style=\"color:#d131cf\">Si vous prenez le deck rouge, <a href=\"https:\/\/unduoroliste.net\/?page_id=368\">allez ici<\/a>.<\/p>\n\n\n\n<p class=\"has-text-color has-medium-font-size\" style=\"color:#d131cf\">Si vous prenez le deck noir, <a href=\"https:\/\/unduoroliste.net\/?page_id=346\">allez ici<\/a>.<\/p>\n\n\n\n<h3 class=\"has-text-color wp-block-heading\" style=\"color:#075ce3\">Mode JdR (\u00a7)<\/h3>\n\n\n\n<p class=\"has-text-color has-medium-font-size\" style=\"color:#075ce3\">Si vous avez dans votre sac \u00e0 dos votre propre deck Magic, <a href=\"https:\/\/unduoroliste.net\/?page_id=340\">allez ici<\/a>.<\/p>\n\n\n\n<p class=\"has-text-color has-medium-font-size\" style=\"color:#075ce3\">Sinon, il est temps de lancer les d\u00e9s ! Cette fois-ci, vous devez faire <strong>sup\u00e9rieur ou \u00e9gal <\/strong>\u00e0 votre score. De plus, si vous faites exactement votre score, n&#8217;oubliez pas de marquer une \u00e9toile ! (<a href=\"https:\/\/www.aidedd.org\/dnd-dice\/index.php\" target=\"_blank\" rel=\"noreferrer noopener\">dice roller<\/a>)<\/p>\n\n\n\n<p class=\"has-text-color has-medium-font-size\" style=\"color:#075ce3\">Si vous r\u00e9ussissez, <a href=\"https:\/\/unduoroliste.net\/?page_id=346\">allez ici<\/a>.<\/p>\n\n\n\n<p class=\"has-text-color has-medium-font-size\" style=\"color:#075ce3\">Si vous \u00e9chouez, <a href=\"https:\/\/unduoroliste.net\/?page_id=368\">allez ici<\/a>.<\/p>\n\n\n\n<div class=\"wp-block-image\"><figure class=\"aligncenter size-full\"><img data-recalc-dims=\"1\" loading=\"lazy\" decoding=\"async\" width=\"444\" height=\"250\" src=\"https:\/\/i0.wp.com\/unduoroliste.net\/wp-content\/uploads\/2022\/03\/LADVEH-US-19.png?resize=444%2C250&#038;ssl=1\" alt=\"Image montrant un enfant de 10 ans, Sheldon, de la s\u00e9rie t\u00e9l\u00e9vis\u00e9e am\u00e9ricaine Young Sheldon\" class=\"wp-image-267\" srcset=\"https:\/\/i0.wp.com\/unduoroliste.net\/wp-content\/uploads\/2022\/03\/LADVEH-US-19.png?w=444&amp;ssl=1 444w, https:\/\/i0.wp.com\/unduoroliste.net\/wp-content\/uploads\/2022\/03\/LADVEH-US-19.png?resize=300%2C169&amp;ssl=1 300w\" sizes=\"auto, (max-width: 444px) 100vw, 444px\" \/><\/figure><\/div>\n","protected":false},"excerpt":{"rendered":"<p>Mode narratif (#) Si vous avez dans votre sac \u00e0 dos votre propre deck Magic, allez ici. Si vous prenez le deck rouge, allez ici. Si vous prenez le deck [&hellip;]<\/p>\n","protected":false},"author":2,"featured_media":0,"parent":180,"menu_order":0,"comment_status":"closed","ping_status":"closed","template":"","meta":{"nf_dc_page":"","footnotes":""},"class_list":["post-352","page","type-page","status-publish","hentry"],"aioseo_notices":[],"jetpack_sharing_enabled":true,"_links":{"self":[{"href":"https:\/\/unduoroliste.net\/index.php?rest_route=\/wp\/v2\/pages\/352","targetHints":{"allow":["GET"]}}],"collection":[{"href":"https:\/\/unduoroliste.net\/index.php?rest_route=\/wp\/v2\/pages"}],"about":[{"href":"https:\/\/unduoroliste.net\/index.php?rest_route=\/wp\/v2\/types\/page"}],"author":[{"embeddable":true,"href":"https:\/\/unduoroliste.net\/index.php?rest_route=\/wp\/v2\/users\/2"}],"replies":[{"embeddable":true,"href":"https:\/\/unduoroliste.net\/index.php?rest_route=%2Fwp%2Fv2%2Fcomments&post=352"}],"version-history":[{"count":5,"href":"https:\/\/unduoroliste.net\/index.php?rest_route=\/wp\/v2\/pages\/352\/revisions"}],"predecessor-version":[{"id":518,"href":"https:\/\/unduoroliste.net\/index.php?rest_route=\/wp\/v2\/pages\/352\/revisions\/518"}],"up":[{"embeddable":true,"href":"https:\/\/unduoroliste.net\/index.php?rest_route=\/wp\/v2\/pages\/180"}],"wp:attachment":[{"href":"https:\/\/unduoroliste.net\/index.php?rest_route=%2Fwp%2Fv2%2Fmedia&parent=352"}],"curies":[{"name":"wp","href":"https:\/\/api.w.org\/{rel}","templated":true}]}}