{"id":344,"date":"2022-03-27T22:09:10","date_gmt":"2022-03-27T21:09:10","guid":{"rendered":"https:\/\/unduoroliste.net\/?page_id=344"},"modified":"2023-11-19T19:44:10","modified_gmt":"2023-11-19T18:44:10","slug":"vous-attendez-a-peine-deux-minutes","status":"publish","type":"page","link":"https:\/\/unduoroliste.net\/?page_id=344","title":{"rendered":"Vous attendez \u00e0 peine deux minutes&#8230;"},"content":{"rendered":"\n<figure class=\"wp-block-embed is-type-rich is-provider-prise-en-charge-des-contenus-embarqu-s wp-block-embed-prise-en-charge-des-contenus-embarqu-s\"><div class=\"wp-block-embed__wrapper\">\n<audio class=\"wp-audio-shortcode\" id=\"audio-344-1\" preload=\"none\" style=\"width: 100%;\" controls=\"controls\"><source type=\"audio\/mpeg\" src=\"https:\/\/unduoroliste.net\/wp-content\/uploads\/2022\/03\/1DR_LADVEH_US_12.mp3?_=1\" \/><a href=\"https:\/\/unduoroliste.net\/wp-content\/uploads\/2022\/03\/1DR_LADVEH_US_12.mp3\">https:\/\/unduoroliste.net\/wp-content\/uploads\/2022\/03\/1DR_LADVEH_US_12.mp3<\/a><\/audio>\n<\/div><\/figure>\n\n\n<div class=\"bg-margin-for-link\"><input type='hidden' bg_collapse_expand='69deddd37bf989096493606' value='69deddd37bf989096493606'><input type='hidden' id='bg-show-more-text-69deddd37bf989096493606' value='Transcription'><input type='hidden' id='bg-show-less-text-69deddd37bf989096493606' value='Fermer la Transcription'><a id='bg-showmore-action-69deddd37bf989096493606' class='bg-showmore-plg-link  '  style=\" color:inherit;;\" href='#'>Transcription<\/a><div id='bg-showmore-hidden-69deddd37bf989096493606' ><\/p>\n\n\n\n<p class=\"\">Vous attendez \u00e0 peine deux minutes que le bus arrive. Encore une bonne augure ! Vous gravissez rapidement les marches de l&#8217;entr\u00e9e quand vous entendez des appels derri\u00e8re vous : dehors, une personne cours en criant : &#8220;Attendez-moi ! Attendez-moi !&#8221;<\/p>\n\n\n\n<p class=\"\">Tout en vous retournant, vous mettez le pied devant le senseur pour \u00e9viter que la porte ne se ferme.<\/p>\n\n\n\n<p class=\"\">MAIS C&#8217;EST PAS POSSIBLE ! La personne qui accourt n&#8217;est d&#8217;autre qu&#8217;Orph\u00e9e, votre N\u00e9m\u00e9sis, avec qui vous avez crois\u00e9 le fer tant de fois ! Cette horrible personne qui avait d\u00e9nonc\u00e9 votre voleur\/pr\u00eatre de Timora \u00e0 la milice et l&#8217;avait fait mettre en prison ! Vous voyez tout d&#8217;un coup tout rouge, et dans votre t\u00eate, un petit diablotin vous urge d&#8217;agir :<\/p>\n\n\n\n<p class=\"\">&#8220;Vite ! Ferme cette porte ! Tu penses bien qu&#8217;Orph\u00e9e est aussi en qu\u00eate de l&#8217;Ultime Suppl\u00e9ment ! Si tu l&#8217;emp\u00eaches d&#8217;attraper le bus, ce sera tout b\u00e9nef&#8217; pour toi !&#8221;<\/p>\n\n\n\n<p class=\"\">Mais alors que votre pied commence \u00e0 bouger, une voix plus harmonieuse, c\u00e9leste m\u00eame, vous interpelle :<\/p>\n\n\n\n<p class=\"\">&#8220;Mais voyons ! Je croyais que tu \u00e9tais une bonne personne ? Regarde comme Orph\u00e9e est rouge et essouffl\u00e9(e) ! La bonne chose \u00e0 faire, c&#8217;est l&#8217;attendre.&#8221;<\/p>\n\n\n\n<p class=\"\">Le diablotin sur l&#8217;\u00e9paule gauche et l&#8217;angelot sur la droite vous regardent, expectatifs. Alors, qu&#8217;allez-vous faire ?<\/p>\n\n\n\n<p class=\"\"><\/div><\/div>\n\n\n\n<p class=\"\"><\/p>\n\n\n\n<p class=\"\"><\/p>\n\n\n\n<p class=\"has-medium-font-size\">Si vous d\u00e9cidez de retirer votre pied pour que la porte se ferme, <a href=\"https:\/\/unduoroliste.net\/?page_id=359\">allez ici<\/a>.<\/p>\n\n\n\n<p class=\"has-medium-font-size\">Si vous ne bougez pas votre pied, <a href=\"https:\/\/unduoroliste.net\/?page_id=342\">allez ici<\/a>.<\/p>\n\n\n<div class=\"wp-block-image\">\n<figure class=\"aligncenter size-full\"><img data-recalc-dims=\"1\" loading=\"lazy\" decoding=\"async\" width=\"357\" height=\"500\" src=\"https:\/\/i0.wp.com\/unduoroliste.net\/wp-content\/uploads\/2022\/03\/LADVEH-US-06.png?resize=357%2C500&#038;ssl=1\" alt=\"\" class=\"wp-image-254\" srcset=\"https:\/\/i0.wp.com\/unduoroliste.net\/wp-content\/uploads\/2022\/03\/LADVEH-US-06.png?w=357&amp;ssl=1 357w, https:\/\/i0.wp.com\/unduoroliste.net\/wp-content\/uploads\/2022\/03\/LADVEH-US-06.png?resize=214%2C300&amp;ssl=1 214w\" sizes=\"auto, (max-width: 357px) 100vw, 357px\" \/><\/figure>\n<\/div>","protected":false},"excerpt":{"rendered":"<p>Si vous d\u00e9cidez de retirer votre pied pour que la porte se ferme, allez ici. Si vous ne bougez pas votre pied, allez ici.<\/p>\n","protected":false},"author":2,"featured_media":0,"parent":180,"menu_order":0,"comment_status":"closed","ping_status":"closed","template":"","meta":{"nf_dc_page":"","footnotes":""},"class_list":["post-344","page","type-page","status-publish","hentry"],"aioseo_notices":[],"jetpack_sharing_enabled":true,"_links":{"self":[{"href":"https:\/\/unduoroliste.net\/index.php?rest_route=\/wp\/v2\/pages\/344","targetHints":{"allow":["GET"]}}],"collection":[{"href":"https:\/\/unduoroliste.net\/index.php?rest_route=\/wp\/v2\/pages"}],"about":[{"href":"https:\/\/unduoroliste.net\/index.php?rest_route=\/wp\/v2\/types\/page"}],"author":[{"embeddable":true,"href":"https:\/\/unduoroliste.net\/index.php?rest_route=\/wp\/v2\/users\/2"}],"replies":[{"embeddable":true,"href":"https:\/\/unduoroliste.net\/index.php?rest_route=%2Fwp%2Fv2%2Fcomments&post=344"}],"version-history":[{"count":5,"href":"https:\/\/unduoroliste.net\/index.php?rest_route=\/wp\/v2\/pages\/344\/revisions"}],"predecessor-version":[{"id":6065,"href":"https:\/\/unduoroliste.net\/index.php?rest_route=\/wp\/v2\/pages\/344\/revisions\/6065"}],"up":[{"embeddable":true,"href":"https:\/\/unduoroliste.net\/index.php?rest_route=\/wp\/v2\/pages\/180"}],"wp:attachment":[{"href":"https:\/\/unduoroliste.net\/index.php?rest_route=%2Fwp%2Fv2%2Fmedia&parent=344"}],"curies":[{"name":"wp","href":"https:\/\/api.w.org\/{rel}","templated":true}]}}