{"id":340,"date":"2022-03-27T22:48:25","date_gmt":"2022-03-27T21:48:25","guid":{"rendered":"https:\/\/unduoroliste.net\/?page_id=340"},"modified":"2023-11-19T19:41:39","modified_gmt":"2023-11-19T18:41:39","slug":"heureusement-que-vous-avez-pris-votre-deck-magic","status":"publish","type":"page","link":"https:\/\/unduoroliste.net\/?page_id=340","title":{"rendered":"Heureusement que vous avez pris votre deck Magic&#8230;"},"content":{"rendered":"\n<figure class=\"wp-block-embed is-type-rich is-provider-prise-en-charge-des-contenus-embarqu-s wp-block-embed-prise-en-charge-des-contenus-embarqu-s\"><div class=\"wp-block-embed__wrapper\">\n<audio class=\"wp-audio-shortcode\" id=\"audio-340-1\" preload=\"none\" style=\"width: 100%;\" controls=\"controls\"><source type=\"audio\/mpeg\" src=\"https:\/\/unduoroliste.net\/wp-content\/uploads\/2022\/03\/1DR_LADVEH_US_10.mp3?_=1\" \/><a href=\"https:\/\/unduoroliste.net\/wp-content\/uploads\/2022\/03\/1DR_LADVEH_US_10.mp3\">https:\/\/unduoroliste.net\/wp-content\/uploads\/2022\/03\/1DR_LADVEH_US_10.mp3<\/a><\/audio>\n<\/div><\/figure>\n\n\n<div class=\"bg-margin-for-link\"><input type='hidden' bg_collapse_expand='69e50aaf9b0a96006716974' value='69e50aaf9b0a96006716974'><input type='hidden' id='bg-show-more-text-69e50aaf9b0a96006716974' value='Transcription'><input type='hidden' id='bg-show-less-text-69e50aaf9b0a96006716974' value='Fermer la Transcription'><a id='bg-showmore-action-69e50aaf9b0a96006716974' class='bg-showmore-plg-link  '  style=\" color:inherit;;\" href='#'>Transcription<\/a><div id='bg-showmore-hidden-69e50aaf9b0a96006716974' ><\/p>\n\n\n\n<p class=\"\">Heureusement que vous avez pris votre deck Magic en sortant de chez vous ! Vous sortez vos cartes de votre sac \u00e0 dos, sous le regard \u00e9tonn\u00e9 de Navet qui p\u00e9tille maintenant d&#8217;excitation. Rapidement, vous pr\u00e9parez la table avec les compteurs et le jetons puis vous asseyez. Comme un cowboy dans la grande rue, pr\u00eat \u00e0 d\u00e9gainer, votre regard est verrouill\u00e9 sur l&#8217;autre. Puis rapidement le jeu commence : les premiers tours sont favorables mais Navet a assez le temps d&#8217;installer son jeu et commence \u00e0 prendre le dessus. Vous piochez, et votre visage s&#8217;illumine : il est temps d&#8217;en finir. D&#8217;un geste th\u00e9\u00e2tral, vous posez devant vous Iona, Bouclier d&#8217;Emeria. Le visage de Navet se d\u00e9compose : il vient de comprendre qu&#8217;il vient de perdre la partie. Pour le principe, il lutte encore mais au bout de deux tours, c&#8217;est termin\u00e9.<\/p>\n\n\n\n<p class=\"\">Navet n&#8217;en revient pas : il vient de perdre, chose qu&#8217;il ne lui \u00e9tait pas arriv\u00e9 depuis qu&#8217;il avait 6 ans. Vous craignez tout d&#8217;un coup qu&#8217;il pique une crise \u2013 ce qui serait tout \u00e0 fait normal \u00e0 son \u00e2ge &#8211; mais il n&#8217;en est rien. Au contraire, il affiche un grand sourire.<\/p>\n\n\n\n<p class=\"\">&#8220;Une belle partie et un adversaire \u00e0 ma taille&#8221;, dit-il, &#8220;j&#8217;ai h\u00e2te qu&#8217;on s&#8217;affronte \u00e0 nouveau lors du prochain tournoi. Mais cette fois-ci, m\u00e9fie-toi : je ne me ferai pas avoir\u2026&#8221;<\/p>\n\n\n\n<p class=\"\">Tel un gentleman, il vous tend la main, que vous lui serrez en souriant chaleureusement. Officieusement, vous \u00eates le nouveau champion de Magic de la r\u00e9gion, mais personne ne le saura jamais. Mais au moins, vous avez encore une chance d&#8217;avoir l&#8217;Ultime Suppl\u00e9ment.<\/p>\n\n\n\n<p class=\"\">Alors que Navet s&#8217;en va, la voie est libre et personne n&#8217;est l\u00e0 pour vous d\u00e9noncer. Tel Marty McFly devant Biff Tannen, vous vous \u00e9criez en pointant du doigt : &#8220;Visez un peu, tout le monde, qu&#8217;est-ce c&#8217;est que \u00e7a !?&#8221;<\/p>\n\n\n\n<p class=\"\">Alors que les gens se retournent, vous en profitez pour les doubler dans la file\u2026<\/p>\n\n\n\n<p class=\"\"><\/div><\/div>\n\n\n\n<p class=\"\"><\/p>\n\n\n\n<p class=\"\"><\/p>\n\n\n\n<p class=\"has-medium-font-size\"><a href=\"https:\/\/unduoroliste.net\/?page_id=336\">Aller ici<\/a>.<\/p>\n\n\n<div class=\"wp-block-image\">\n<figure class=\"aligncenter size-full\"><img data-recalc-dims=\"1\" loading=\"lazy\" decoding=\"async\" width=\"422\" height=\"250\" src=\"https:\/\/i0.wp.com\/unduoroliste.net\/wp-content\/uploads\/2022\/03\/LADVEH-US-22.png?resize=422%2C250&#038;ssl=1\" alt=\"Image illustr\u00e9e d'Iona, le Bouclier d'Emeria, un ange en armure et ailes d\u00e9ploy\u00e9es, du jeu de carte Magic The Gathering.\" class=\"wp-image-270\" srcset=\"https:\/\/i0.wp.com\/unduoroliste.net\/wp-content\/uploads\/2022\/03\/LADVEH-US-22.png?w=422&amp;ssl=1 422w, https:\/\/i0.wp.com\/unduoroliste.net\/wp-content\/uploads\/2022\/03\/LADVEH-US-22.png?resize=300%2C178&amp;ssl=1 300w\" sizes=\"auto, (max-width: 422px) 100vw, 422px\" \/><\/figure>\n<\/div>","protected":false},"excerpt":{"rendered":"<p>Aller ici.<\/p>\n","protected":false},"author":2,"featured_media":0,"parent":180,"menu_order":0,"comment_status":"closed","ping_status":"closed","template":"","meta":{"nf_dc_page":"","footnotes":""},"class_list":["post-340","page","type-page","status-publish","hentry"],"aioseo_notices":[],"jetpack_sharing_enabled":true,"_links":{"self":[{"href":"https:\/\/unduoroliste.net\/index.php?rest_route=\/wp\/v2\/pages\/340","targetHints":{"allow":["GET"]}}],"collection":[{"href":"https:\/\/unduoroliste.net\/index.php?rest_route=\/wp\/v2\/pages"}],"about":[{"href":"https:\/\/unduoroliste.net\/index.php?rest_route=\/wp\/v2\/types\/page"}],"author":[{"embeddable":true,"href":"https:\/\/unduoroliste.net\/index.php?rest_route=\/wp\/v2\/users\/2"}],"replies":[{"embeddable":true,"href":"https:\/\/unduoroliste.net\/index.php?rest_route=%2Fwp%2Fv2%2Fcomments&post=340"}],"version-history":[{"count":5,"href":"https:\/\/unduoroliste.net\/index.php?rest_route=\/wp\/v2\/pages\/340\/revisions"}],"predecessor-version":[{"id":6051,"href":"https:\/\/unduoroliste.net\/index.php?rest_route=\/wp\/v2\/pages\/340\/revisions\/6051"}],"up":[{"embeddable":true,"href":"https:\/\/unduoroliste.net\/index.php?rest_route=\/wp\/v2\/pages\/180"}],"wp:attachment":[{"href":"https:\/\/unduoroliste.net\/index.php?rest_route=%2Fwp%2Fv2%2Fmedia&parent=340"}],"curies":[{"name":"wp","href":"https:\/\/api.w.org\/{rel}","templated":true}]}}