{"id":336,"date":"2022-03-27T22:51:13","date_gmt":"2022-03-27T21:51:13","guid":{"rendered":"https:\/\/unduoroliste.net\/?page_id=336"},"modified":"2023-11-19T19:41:32","modified_gmt":"2023-11-19T18:41:32","slug":"he-ben-cest-du-joli","status":"publish","type":"page","link":"https:\/\/unduoroliste.net\/?page_id=336","title":{"rendered":"H\u00e9 ben c\u2019est du joli !"},"content":{"rendered":"\n<figure class=\"wp-block-embed is-type-rich is-provider-prise-en-charge-des-contenus-embarqu-s wp-block-embed-prise-en-charge-des-contenus-embarqu-s\"><div class=\"wp-block-embed__wrapper\">\n<audio class=\"wp-audio-shortcode\" id=\"audio-336-1\" preload=\"none\" style=\"width: 100%;\" controls=\"controls\"><source type=\"audio\/mpeg\" src=\"https:\/\/unduoroliste.net\/wp-content\/uploads\/2022\/03\/1DR_LADVEH_US_8.mp3?_=1\" \/><a href=\"https:\/\/unduoroliste.net\/wp-content\/uploads\/2022\/03\/1DR_LADVEH_US_8.mp3\">https:\/\/unduoroliste.net\/wp-content\/uploads\/2022\/03\/1DR_LADVEH_US_8.mp3<\/a><\/audio>\n<\/div><\/figure>\n\n\n<div class=\"bg-margin-for-link\"><input type='hidden' bg_collapse_expand='69e5247b83f0f9096210059' value='69e5247b83f0f9096210059'><input type='hidden' id='bg-show-more-text-69e5247b83f0f9096210059' value='Transcription'><input type='hidden' id='bg-show-less-text-69e5247b83f0f9096210059' value='Fermer la Transcription'><a id='bg-showmore-action-69e5247b83f0f9096210059' class='bg-showmore-plg-link  '  style=\" color:inherit;;\" href='#'>Transcription<\/a><div id='bg-showmore-hidden-69e5247b83f0f9096210059' ><\/p>\n\n\n\n<p class=\"\">\u00ab\u202fH\u00e9 ben c\u2019est du joli !\u202f\u00bb une main vous agrippe et vous tourne sur place. Vous vous retrouvez nez \u00e0 nez avec une jeune femme au sourire inqui\u00e9tant et un regard s\u00e9v\u00e8re derri\u00e8re ses lunettes rafistol\u00e9es. Il s&#8217;agit de Mystra, la pr\u00e9sidente du club de jeux de r\u00f4le de votre ville, \u00ab\u202fVoil\u00e0 qu\u2019on se croit permis de passer devant les gens ! Un mot et je te fais bannir\u202f\u00bb vous menace-t-elle. Un frisson vous parcourt : pourquoi maintenant, si proche de tenir l&#8217;Ultime Suppl\u00e9ment entre vos mains et de passer la meilleure soir\u00e9e de votre vie avec vos potes ?\u2026 Le sol semble c\u00e9der sous vos pieds.\u202f<\/p>\n\n\n\n<p class=\"\">Est-ce votre regard larmoyant ou ce sentiment d\u2019abattement qu&#8217;\u00e9mane de votre corps, n\u00e9anmoins la jeune femme vous l\u00e2che le bras et dit calmement \u00ab\u202fSi tu crois que tu m\u00e9rites plus que moi ce suppl\u00e9ment, prouve-le !\u202f\u00bb son sourire s\u2019\u00e9largit et avec son piercing au nez et son regard, vous revoyez la m\u00e8re sup\u00e9rieure du Bene Gesserit faisant passez l\u2019\u00e9preuve \u00e0 Paul Atreides.\u202fVous vous r\u00e9p\u00e9tez int\u00e9rieurement \u00ab\u202fJe ne conna\u00eetrai pas la peur car la peur tue l\u2019esprit.\u202f\u00bb et acceptez le d\u00e9fi.<\/p>\n\n\n\n<p class=\"\">\u00ab\u202fAlors \u00e9coute, je n\u2019aurais qu\u2019une question, mais celle-ci repr\u00e9sente ce qui se tient entre l\u2019Ultime Suppl\u00e9ment et toi.\u202f\u00bb son sourire s\u00b4\u00e9largit\u202f encore\u2026\u202f \u00ab\u202fJe ne vais pas te demander quels \u00e9taient les premiers JdR fran\u00e7ais, car je me doute que tu me diras: L\u2019Ultime \u00c9preuve, qui fait \u00e9cho \u00e0 ce que nous venons chercher ou encore me faire ton encyclop\u00e9die et me parler de L\u00e9gendes tout deux sortis en 1983. Non, ce serait vraiment trop simple, et\u2026 Tu cherches \u00e0 avoir l\u2019Ultime Suppl\u00e9ment, alors voici ma question: Quel est la particularit\u00e9 unique de Kroc le B\u00f4\u202f?\u202f\u00bb<\/p>\n\n\n\n<p class=\"\">Vous r\u00e9fl\u00e9chissez \u00e0 toute vitesse, vous ne pouvez pas vous permettre de perdre !\u202fTel Bilbon devant Gollum, Rachel devant Deckard ou encore de Wade \u00e0 la recherche du pixel perdu, il est temps de prouver que votre esprit affut\u00e9 peut r\u00e9soudre n&#8217;importe quelle \u00e9nigme.<\/p>\n\n\n\n<p class=\"\">Du coin de l&#8217;\u0153il, vous voyez que la file a avanc\u00e9, et qu&#8217;il ne reste qu&#8217;seul exemplaire sur la table. Soit vous trouvez la r\u00e9ponse, et vous aurez le dernier exemplaire soit, tout est perdu.<\/p>\n\n\n\n<p class=\"\">Trois r\u00e9ponses vous viennent en t\u00eate :<\/p>\n\n\n\n<pre class=\"wp-block-code\"><code>Kroc le B\u00f4 est le fils cach\u00e9 du Dieu Glob\u00f4, ou  \n\nKroc le B\u00f4 a h\u00e9rit\u00e9 d&apos;un point de vie indestructible de sa m\u00e8re, ou  \n\nKroc le B\u00f4 est l&apos;enfant n\u00e9 de l&apos;amour d&apos;un gobelin et d&apos;une elfe.<\/code><\/pre>\n\n\n\n<p class=\"\"><\/div><\/div>\n\n\n\n<p class=\"\"><\/p>\n\n\n\n<p class=\"\"><\/p>\n\n\n\n<p class=\"has-medium-font-size\">Si vous r\u00e9pondez &#8220;fils cach\u00e9 du Dieu Glob\u00f4&#8221;, <a href=\"https:\/\/unduoroliste.net\/?page_id=320\">allez ici<\/a>.<\/p>\n\n\n\n<p class=\"has-medium-font-size\">Si vous r\u00e9pondez &#8220;h\u00e9rit\u00e9 d&#8217;un point de vie indestructible de sa m\u00e8re&#8221;, <a href=\"https:\/\/unduoroliste.net\/?page_id=385\">allez ici<\/a>.<\/p>\n\n\n\n<p class=\"has-medium-font-size\">Si vous r\u00e9pondez &#8220;enfant n\u00e9 de l&#8217;amour d&#8217;un gobelin et d&#8217;une elfe&#8221;, <a href=\"https:\/\/unduoroliste.net\/?page_id=334\">allez ici<\/a>.<\/p>\n\n\n<div class=\"wp-block-image\">\n<figure class=\"aligncenter size-full\"><img data-recalc-dims=\"1\" loading=\"lazy\" decoding=\"async\" width=\"668\" height=\"375\" src=\"https:\/\/i0.wp.com\/unduoroliste.net\/wp-content\/uploads\/2022\/03\/LADVEH-US-23.png?resize=668%2C375&#038;ssl=1\" alt=\"Image du jeu t\u00e9l\u00e9vis\u00e9 fran\u00e7ais Burger Quiz o\u00f9 l'animatrice pointe du doigt une question affich\u00e9e sur une t\u00e9l\u00e9vision\" class=\"wp-image-271\" srcset=\"https:\/\/i0.wp.com\/unduoroliste.net\/wp-content\/uploads\/2022\/03\/LADVEH-US-23.png?w=668&amp;ssl=1 668w, https:\/\/i0.wp.com\/unduoroliste.net\/wp-content\/uploads\/2022\/03\/LADVEH-US-23.png?resize=300%2C168&amp;ssl=1 300w\" sizes=\"auto, (max-width: 668px) 100vw, 668px\" \/><\/figure>\n<\/div>","protected":false},"excerpt":{"rendered":"<p>Si vous r\u00e9pondez &#8220;fils cach\u00e9 du Dieu Glob\u00f4&#8221;, allez ici. Si vous r\u00e9pondez &#8220;h\u00e9rit\u00e9 d&#8217;un point de vie indestructible de sa m\u00e8re&#8221;, allez ici. Si vous r\u00e9pondez &#8220;enfant n\u00e9 de [&hellip;]<\/p>\n","protected":false},"author":2,"featured_media":0,"parent":180,"menu_order":0,"comment_status":"closed","ping_status":"closed","template":"","meta":{"nf_dc_page":"","footnotes":""},"class_list":["post-336","page","type-page","status-publish","hentry"],"aioseo_notices":[],"jetpack_sharing_enabled":true,"_links":{"self":[{"href":"https:\/\/unduoroliste.net\/index.php?rest_route=\/wp\/v2\/pages\/336","targetHints":{"allow":["GET"]}}],"collection":[{"href":"https:\/\/unduoroliste.net\/index.php?rest_route=\/wp\/v2\/pages"}],"about":[{"href":"https:\/\/unduoroliste.net\/index.php?rest_route=\/wp\/v2\/types\/page"}],"author":[{"embeddable":true,"href":"https:\/\/unduoroliste.net\/index.php?rest_route=\/wp\/v2\/users\/2"}],"replies":[{"embeddable":true,"href":"https:\/\/unduoroliste.net\/index.php?rest_route=%2Fwp%2Fv2%2Fcomments&post=336"}],"version-history":[{"count":5,"href":"https:\/\/unduoroliste.net\/index.php?rest_route=\/wp\/v2\/pages\/336\/revisions"}],"predecessor-version":[{"id":6050,"href":"https:\/\/unduoroliste.net\/index.php?rest_route=\/wp\/v2\/pages\/336\/revisions\/6050"}],"up":[{"embeddable":true,"href":"https:\/\/unduoroliste.net\/index.php?rest_route=\/wp\/v2\/pages\/180"}],"wp:attachment":[{"href":"https:\/\/unduoroliste.net\/index.php?rest_route=%2Fwp%2Fv2%2Fmedia&parent=336"}],"curies":[{"name":"wp","href":"https:\/\/api.w.org\/{rel}","templated":true}]}}