{"id":334,"date":"2022-03-28T00:04:23","date_gmt":"2022-03-27T23:04:23","guid":{"rendered":"https:\/\/unduoroliste.net\/?page_id=334"},"modified":"2023-11-19T19:41:14","modified_gmt":"2023-11-19T18:41:14","slug":"il-y-avait-un-piege","status":"publish","type":"page","link":"https:\/\/unduoroliste.net\/?page_id=334","title":{"rendered":"Il y avait un pi\u00e8ge !"},"content":{"rendered":"\n<figure class=\"wp-block-embed is-type-rich is-provider-prise-en-charge-des-contenus-embarqu-s wp-block-embed-prise-en-charge-des-contenus-embarqu-s\"><div class=\"wp-block-embed__wrapper\">\n<audio class=\"wp-audio-shortcode\" id=\"audio-334-1\" preload=\"none\" style=\"width: 100%;\" controls=\"controls\"><source type=\"audio\/mpeg\" src=\"https:\/\/unduoroliste.net\/wp-content\/uploads\/2022\/03\/1DR_LADVEH_US_7.mp3?_=1\" \/><a href=\"https:\/\/unduoroliste.net\/wp-content\/uploads\/2022\/03\/1DR_LADVEH_US_7.mp3\">https:\/\/unduoroliste.net\/wp-content\/uploads\/2022\/03\/1DR_LADVEH_US_7.mp3<\/a><\/audio>\n<\/div><\/figure>\n\n\n<div class=\"bg-margin-for-link\"><input type='hidden' bg_collapse_expand='69e53c7eac5396076013495' value='69e53c7eac5396076013495'><input type='hidden' id='bg-show-more-text-69e53c7eac5396076013495' value='Transcription'><input type='hidden' id='bg-show-less-text-69e53c7eac5396076013495' value='Fermer la Transcription'><a id='bg-showmore-action-69e53c7eac5396076013495' class='bg-showmore-plg-link  '  style=\" color:inherit;;\" href='#'>Transcription<\/a><div id='bg-showmore-hidden-69e53c7eac5396076013495' ><\/p>\n\n\n\n<p class=\"\">&#8220;Il y avait un pi\u00e8ge !&#8221;, s&#8217;\u00e9crie Mystra. &#8220;Et tu es tomb\u00e9 dedans ! Kroc n&#8217;est pas n\u00e9 de l&#8217;amour d&#8217;un gobelin et d&#8217;une elfe, mais d&#8217;un gobelin et d&#8217;une MUSE ! Seuls les vrais r\u00f4listes ne se seraient pas tromp\u00e9s !&#8221;<\/p>\n\n\n\n<p class=\"\">Puis, elle ajoute : &#8220;Tu n&#8217;es vraiment pas digne de l&#8217;Ultime Suppl\u00e9ment. Maintenant\u2026&#8221;<\/p>\n\n\n\n<p class=\"\"><\/div><\/div>\n\n\n\n<p class=\"\"><\/p>\n\n\n\n<p class=\"\"><\/p>\n\n\n\n<p class=\"has-medium-font-size\">Si vous avez votre d\u00e9 f\u00e9tiche dans votre poche, <a href=\"https:\/\/unduoroliste.net\/?page_id=377\">allez ici<\/a>.<\/p>\n\n\n\n<p class=\"has-medium-font-size\">Sinon, <a href=\"https:\/\/unduoroliste.net\/?page_id=357\">allez ici<\/a>.<\/p>\n\n\n<div class=\"wp-block-image\">\n<figure class=\"aligncenter size-full\"><img data-recalc-dims=\"1\" loading=\"lazy\" decoding=\"async\" width=\"640\" height=\"480\" src=\"https:\/\/i0.wp.com\/unduoroliste.net\/wp-content\/uploads\/2022\/03\/LADVEH-US-26.jpg?resize=640%2C480&#038;ssl=1\" alt=\"Image montrant un guerrier, Gouri, une expression \u00e9tonn\u00e9e devant sa lame bris\u00e9e en deux, de l'anime Slayers\" class=\"wp-image-274\" srcset=\"https:\/\/i0.wp.com\/unduoroliste.net\/wp-content\/uploads\/2022\/03\/LADVEH-US-26.jpg?w=640&amp;ssl=1 640w, https:\/\/i0.wp.com\/unduoroliste.net\/wp-content\/uploads\/2022\/03\/LADVEH-US-26.jpg?resize=300%2C225&amp;ssl=1 300w\" sizes=\"auto, (max-width: 640px) 100vw, 640px\" \/><\/figure>\n<\/div>","protected":false},"excerpt":{"rendered":"<p>Si vous avez votre d\u00e9 f\u00e9tiche dans votre poche, allez ici. Sinon, allez ici.<\/p>\n","protected":false},"author":2,"featured_media":0,"parent":180,"menu_order":0,"comment_status":"closed","ping_status":"closed","template":"","meta":{"nf_dc_page":"","footnotes":""},"class_list":["post-334","page","type-page","status-publish","hentry"],"aioseo_notices":[],"jetpack_sharing_enabled":true,"_links":{"self":[{"href":"https:\/\/unduoroliste.net\/index.php?rest_route=\/wp\/v2\/pages\/334","targetHints":{"allow":["GET"]}}],"collection":[{"href":"https:\/\/unduoroliste.net\/index.php?rest_route=\/wp\/v2\/pages"}],"about":[{"href":"https:\/\/unduoroliste.net\/index.php?rest_route=\/wp\/v2\/types\/page"}],"author":[{"embeddable":true,"href":"https:\/\/unduoroliste.net\/index.php?rest_route=\/wp\/v2\/users\/2"}],"replies":[{"embeddable":true,"href":"https:\/\/unduoroliste.net\/index.php?rest_route=%2Fwp%2Fv2%2Fcomments&post=334"}],"version-history":[{"count":5,"href":"https:\/\/unduoroliste.net\/index.php?rest_route=\/wp\/v2\/pages\/334\/revisions"}],"predecessor-version":[{"id":6047,"href":"https:\/\/unduoroliste.net\/index.php?rest_route=\/wp\/v2\/pages\/334\/revisions\/6047"}],"up":[{"embeddable":true,"href":"https:\/\/unduoroliste.net\/index.php?rest_route=\/wp\/v2\/pages\/180"}],"wp:attachment":[{"href":"https:\/\/unduoroliste.net\/index.php?rest_route=%2Fwp%2Fv2%2Fmedia&parent=334"}],"curies":[{"name":"wp","href":"https:\/\/api.w.org\/{rel}","templated":true}]}}