{"id":332,"date":"2022-03-28T00:55:50","date_gmt":"2022-03-27T23:55:50","guid":{"rendered":"https:\/\/unduoroliste.net\/?page_id=332"},"modified":"2023-11-19T19:40:54","modified_gmt":"2023-11-19T18:40:54","slug":"bien-sur-que-ce-sera-le-pack-ditems","status":"publish","type":"page","link":"https:\/\/unduoroliste.net\/?page_id=332","title":{"rendered":"Bien s\u00fbr que ce sera le pack d&#8217;items !"},"content":{"rendered":"\n<figure class=\"wp-block-embed is-type-rich is-provider-prise-en-charge-des-contenus-embarqu-s wp-block-embed-prise-en-charge-des-contenus-embarqu-s\"><div class=\"wp-block-embed__wrapper\">\n<audio class=\"wp-audio-shortcode\" id=\"audio-332-1\" preload=\"none\" style=\"width: 100%;\" controls=\"controls\"><source type=\"audio\/mpeg\" src=\"https:\/\/unduoroliste.net\/wp-content\/uploads\/2022\/03\/1DR_LADVEH_US_6.mp3?_=1\" \/><a href=\"https:\/\/unduoroliste.net\/wp-content\/uploads\/2022\/03\/1DR_LADVEH_US_6.mp3\">https:\/\/unduoroliste.net\/wp-content\/uploads\/2022\/03\/1DR_LADVEH_US_6.mp3<\/a><\/audio>\n<\/div><\/figure>\n\n\n<div class=\"bg-margin-for-link\"><input type='hidden' bg_collapse_expand='69e4de4aacc047051294622' value='69e4de4aacc047051294622'><input type='hidden' id='bg-show-more-text-69e4de4aacc047051294622' value='Transcription'><input type='hidden' id='bg-show-less-text-69e4de4aacc047051294622' value='Fermer la Transcription'><a id='bg-showmore-action-69e4de4aacc047051294622' class='bg-showmore-plg-link  '  style=\" color:inherit;;\" href='#'>Transcription<\/a><div id='bg-showmore-hidden-69e4de4aacc047051294622' ><\/p>\n\n\n\n<p class=\"\">&#8220;Bien s\u00fbr que ce sera le pack d&#8217;items !&#8221;, vous r\u00e9torquez. &#8220;Ce serait un \u00e9chec commercial de mettre un d\u00e9guisement dans la version collector !&#8221;<\/p>\n\n\n\n<p class=\"\">Une clameur s&#8217;\u00e9l\u00e8ve des gamers, qui vous prennent par les \u00e9paules et vous mettent au-devant de leur groupe. &#8220;Vous voyez, on vous l&#8217;avait dit !&#8221;, crie quelqu&#8217;un d&#8217;un air sup\u00e9rieur. Les GNistes sont furieux et la frustration se lit sur leur visage. Surtout pour un petit groupe en leur centre, plus agit\u00e9 que les autres. L&#8217;un d&#8217;eux r\u00e9plique : &#8220;Vous les gamers, vous n&#8217;\u00eates pas des vrais r\u00f4listes ! Vous n&#8217;avez rien \u00e0 foutre ici !&#8221; Mais cette voix ! Vous vous retournez et r\u00e9alisez avec horreur que c&#8217;est votre N\u00e9m\u00e9sis, Orph\u00e9e, en armure du L\u00e9gionnaire du D\u00e9sert des Meurtris et brandissant ses deux marteaux en latex, qui a lanc\u00e9 cette insulte. Le sang des gamers ne fait qu&#8217;un tour. Des &#8220;Ah oui ? Tu veux venir me le dire en face, avec ton d\u00e9guisement de Bisounours ?&#8221; et des &#8220;C&#8217;est parce que ta m\u00e8re avait peur que tu t&#8217;fasses bobo que tu as des armes en mousse ?&#8221; fusent. Les GNistes, insult\u00e9s, poussent en ch\u0153ur leur cri de guerre, et chargent, boucliers lev\u00e9s et armes en mains. Orph\u00e9e le meneur est sur vous en quelques secondes et abat ses deux marteaux sur vous, vous faisant perdre l&#8217;\u00e9quilibre. Vous tombez \u00e0 la renverse et dans cette cohue g\u00e9n\u00e9rale, tapez votre t\u00eate sur le trottoir et votre vue se brouille. Alors que vous vous \u00e9vanouissez, votre derni\u00e8re pens\u00e9e est pour l&#8217;Ultime Suppl\u00e9ment que vous venez de rater. Vous sombrez dans l&#8217;inconscience\u2026<\/p>\n\n\n\n<p class=\"\">&lt; musique &gt; Au loin, vous entendez une musique famili\u00e8re. Serait-il possible que tout ceci n&#8217;ait \u00e9t\u00e9 qu&#8217;un r\u00eave ?<\/p>\n\n\n\n<p class=\"\"><\/div><\/div>\n\n\n\n<p class=\"\"><\/p>\n\n\n\n<p class=\"\"><\/p>\n\n\n\n<p class=\"has-medium-font-size\"><a href=\"https:\/\/unduoroliste.net\/?page_id=387\">Aller ici<\/a>.<\/p>\n\n\n<div class=\"wp-block-image\">\n<figure class=\"aligncenter size-full\"><img data-recalc-dims=\"1\" loading=\"lazy\" decoding=\"async\" width=\"375\" height=\"375\" src=\"https:\/\/i0.wp.com\/unduoroliste.net\/wp-content\/uploads\/2022\/03\/LADVEH-US-14.png?resize=375%2C375&#038;ssl=1\" alt=\"Image repr\u00e9sentant un pack d'items m\u00e9di\u00e9val-fantastiques VTT\" class=\"wp-image-262\" srcset=\"https:\/\/i0.wp.com\/unduoroliste.net\/wp-content\/uploads\/2022\/03\/LADVEH-US-14.png?w=375&amp;ssl=1 375w, https:\/\/i0.wp.com\/unduoroliste.net\/wp-content\/uploads\/2022\/03\/LADVEH-US-14.png?resize=300%2C300&amp;ssl=1 300w, https:\/\/i0.wp.com\/unduoroliste.net\/wp-content\/uploads\/2022\/03\/LADVEH-US-14.png?resize=150%2C150&amp;ssl=1 150w\" sizes=\"auto, (max-width: 375px) 100vw, 375px\" \/><\/figure>\n<\/div>","protected":false},"excerpt":{"rendered":"<p>Aller ici.<\/p>\n","protected":false},"author":2,"featured_media":0,"parent":180,"menu_order":0,"comment_status":"closed","ping_status":"closed","template":"","meta":{"nf_dc_page":"","footnotes":""},"class_list":["post-332","page","type-page","status-publish","hentry"],"aioseo_notices":[],"jetpack_sharing_enabled":true,"_links":{"self":[{"href":"https:\/\/unduoroliste.net\/index.php?rest_route=\/wp\/v2\/pages\/332","targetHints":{"allow":["GET"]}}],"collection":[{"href":"https:\/\/unduoroliste.net\/index.php?rest_route=\/wp\/v2\/pages"}],"about":[{"href":"https:\/\/unduoroliste.net\/index.php?rest_route=\/wp\/v2\/types\/page"}],"author":[{"embeddable":true,"href":"https:\/\/unduoroliste.net\/index.php?rest_route=\/wp\/v2\/users\/2"}],"replies":[{"embeddable":true,"href":"https:\/\/unduoroliste.net\/index.php?rest_route=%2Fwp%2Fv2%2Fcomments&post=332"}],"version-history":[{"count":4,"href":"https:\/\/unduoroliste.net\/index.php?rest_route=\/wp\/v2\/pages\/332\/revisions"}],"predecessor-version":[{"id":6042,"href":"https:\/\/unduoroliste.net\/index.php?rest_route=\/wp\/v2\/pages\/332\/revisions\/6042"}],"up":[{"embeddable":true,"href":"https:\/\/unduoroliste.net\/index.php?rest_route=\/wp\/v2\/pages\/180"}],"wp:attachment":[{"href":"https:\/\/unduoroliste.net\/index.php?rest_route=%2Fwp%2Fv2%2Fmedia&parent=332"}],"curies":[{"name":"wp","href":"https:\/\/api.w.org\/{rel}","templated":true}]}}