{"id":326,"date":"2022-03-27T22:19:32","date_gmt":"2022-03-27T21:19:32","guid":{"rendered":"https:\/\/unduoroliste.net\/?page_id=326"},"modified":"2023-11-19T19:43:39","modified_gmt":"2023-11-19T18:43:39","slug":"vous-avez-vaincu","status":"publish","type":"page","link":"https:\/\/unduoroliste.net\/?page_id=326","title":{"rendered":"Vous avez vaincu !"},"content":{"rendered":"\n<figure class=\"wp-block-embed is-type-rich is-provider-prise-en-charge-des-contenus-embarqu-s wp-block-embed-prise-en-charge-des-contenus-embarqu-s\"><div class=\"wp-block-embed__wrapper\">\n<audio class=\"wp-audio-shortcode\" id=\"audio-326-1\" preload=\"none\" style=\"width: 100%;\" controls=\"controls\"><source type=\"audio\/mpeg\" src=\"https:\/\/unduoroliste.net\/wp-content\/uploads\/2022\/03\/1DR_LADVEH_US_5.mp3?_=1\" \/><a href=\"https:\/\/unduoroliste.net\/wp-content\/uploads\/2022\/03\/1DR_LADVEH_US_5.mp3\">https:\/\/unduoroliste.net\/wp-content\/uploads\/2022\/03\/1DR_LADVEH_US_5.mp3<\/a><\/audio>\n<\/div><\/figure>\n\n\n<div class=\"bg-margin-for-link\"><input type='hidden' bg_collapse_expand='69e49e4a303f73093704370' value='69e49e4a303f73093704370'><input type='hidden' id='bg-show-more-text-69e49e4a303f73093704370' value='Transcription'><input type='hidden' id='bg-show-less-text-69e49e4a303f73093704370' value='Fermer la Transcription'><a id='bg-showmore-action-69e49e4a303f73093704370' class='bg-showmore-plg-link  '  style=\" color:inherit;;\" href='#'>Transcription<\/a><div id='bg-showmore-hidden-69e49e4a303f73093704370' ><\/p>\n\n\n\n<p class=\"\">Vous avez vaincu ! La porte se referme juste au moment o\u00f9 Orph\u00e9e arrive au niveau de l&#8217;arr\u00eat, rouge et en sueur, une vision qui vous remplit d&#8217;un bonheur indicible. A travers la vitre, vous faite un signe de la main, tout en affichant un sourire sardonique. Orph\u00e9e est en col\u00e8re et vous crie quelque chose, mais ses paroles se perdent dans la distance.<\/p>\n\n\n\n<p class=\"\">Vous prenez place dans un si\u00e8ge, et durant le reste du trajet, vous imaginez comment vous allez raconter cette victoire \u00e9pique \u00e0 votre table de joueurs, en pr\u00e9ambule de la partie de ce soir avec l&#8217;Ultime Suppl\u00e9ment.<\/p>\n\n\n\n<p class=\"\">Finalement, le bus arrive \u00e0 votre arr\u00eat. Vous descendez d&#8217;un pas d\u00e9cid\u00e9, \u00e0 la poursuite de votre destin\u00e9e.<\/p>\n\n\n\n<p class=\"\"><\/div><\/div>\n\n\n\n<p class=\"\"><\/p>\n\n\n\n<p class=\"\"><\/p>\n\n\n\n<p class=\"has-medium-font-size\">Vous arrivez au magasin. <a href=\"https:\/\/unduoroliste.net\/?page_id=365\">Allez ici<\/a>.<\/p>\n\n\n<div class=\"wp-block-image\">\n<figure class=\"aligncenter size-full\"><img data-recalc-dims=\"1\" loading=\"lazy\" decoding=\"async\" width=\"588\" height=\"250\" src=\"https:\/\/i0.wp.com\/unduoroliste.net\/wp-content\/uploads\/2022\/03\/LADVEH-US-11.png?resize=588%2C250&#038;ssl=1\" alt=\"\" class=\"wp-image-259\" srcset=\"https:\/\/i0.wp.com\/unduoroliste.net\/wp-content\/uploads\/2022\/03\/LADVEH-US-11.png?w=588&amp;ssl=1 588w, https:\/\/i0.wp.com\/unduoroliste.net\/wp-content\/uploads\/2022\/03\/LADVEH-US-11.png?resize=300%2C128&amp;ssl=1 300w\" sizes=\"auto, (max-width: 588px) 100vw, 588px\" \/><\/figure>\n<\/div>","protected":false},"excerpt":{"rendered":"<p>Vous arrivez au magasin. Allez ici.<\/p>\n","protected":false},"author":2,"featured_media":0,"parent":180,"menu_order":0,"comment_status":"closed","ping_status":"closed","template":"","meta":{"nf_dc_page":"","footnotes":""},"class_list":["post-326","page","type-page","status-publish","hentry"],"aioseo_notices":[],"jetpack_sharing_enabled":true,"_links":{"self":[{"href":"https:\/\/unduoroliste.net\/index.php?rest_route=\/wp\/v2\/pages\/326","targetHints":{"allow":["GET"]}}],"collection":[{"href":"https:\/\/unduoroliste.net\/index.php?rest_route=\/wp\/v2\/pages"}],"about":[{"href":"https:\/\/unduoroliste.net\/index.php?rest_route=\/wp\/v2\/types\/page"}],"author":[{"embeddable":true,"href":"https:\/\/unduoroliste.net\/index.php?rest_route=\/wp\/v2\/users\/2"}],"replies":[{"embeddable":true,"href":"https:\/\/unduoroliste.net\/index.php?rest_route=%2Fwp%2Fv2%2Fcomments&post=326"}],"version-history":[{"count":5,"href":"https:\/\/unduoroliste.net\/index.php?rest_route=\/wp\/v2\/pages\/326\/revisions"}],"predecessor-version":[{"id":6060,"href":"https:\/\/unduoroliste.net\/index.php?rest_route=\/wp\/v2\/pages\/326\/revisions\/6060"}],"up":[{"embeddable":true,"href":"https:\/\/unduoroliste.net\/index.php?rest_route=\/wp\/v2\/pages\/180"}],"wp:attachment":[{"href":"https:\/\/unduoroliste.net\/index.php?rest_route=%2Fwp%2Fv2%2Fmedia&parent=326"}],"curies":[{"name":"wp","href":"https:\/\/api.w.org\/{rel}","templated":true}]}}