{"id":323,"date":"2022-03-27T22:29:38","date_gmt":"2022-03-27T21:29:38","guid":{"rendered":"https:\/\/unduoroliste.net\/?page_id=323"},"modified":"2023-11-19T19:43:35","modified_gmt":"2023-11-19T18:43:35","slug":"cest-la-tenue-qui-sera-dans-le-collector","status":"publish","type":"page","link":"https:\/\/unduoroliste.net\/?page_id=323","title":{"rendered":"C&#8217;est la tenue qui sera dans le collector"},"content":{"rendered":"\n<figure class=\"wp-block-embed is-type-rich is-provider-prise-en-charge-des-contenus-embarqu-s wp-block-embed-prise-en-charge-des-contenus-embarqu-s\"><div class=\"wp-block-embed__wrapper\">\n<audio class=\"wp-audio-shortcode\" id=\"audio-323-1\" preload=\"none\" style=\"width: 100%;\" controls=\"controls\"><source type=\"audio\/mpeg\" src=\"https:\/\/unduoroliste.net\/wp-content\/uploads\/2022\/03\/1DR_LADVEH_US_4.mp3?_=1\" \/><a href=\"https:\/\/unduoroliste.net\/wp-content\/uploads\/2022\/03\/1DR_LADVEH_US_4.mp3\">https:\/\/unduoroliste.net\/wp-content\/uploads\/2022\/03\/1DR_LADVEH_US_4.mp3<\/a><\/audio>\n<\/div><\/figure>\n\n\n<div class=\"bg-margin-for-link\"><input type='hidden' bg_collapse_expand='69e4c700dbced3051046081' value='69e4c700dbced3051046081'><input type='hidden' id='bg-show-more-text-69e4c700dbced3051046081' value='Transcription'><input type='hidden' id='bg-show-less-text-69e4c700dbced3051046081' value='Fermer la Transcription'><a id='bg-showmore-action-69e4c700dbced3051046081' class='bg-showmore-plg-link  '  style=\" color:inherit;;\" href='#'>Transcription<\/a><div id='bg-showmore-hidden-69e4c700dbced3051046081' ><\/p>\n\n\n\n<p class=\"\">&#8220;C&#8217;est la tenue qui sera dans le collector !&#8221;, vous d\u00e9clarez, &#8220;C&#8217;est un de mes amis du forum Magn\u00e9to R\u00f4liste qui travaille dans la maison d&#8217;\u00e9dition qui me l&#8217;a dit.&#8221;<\/p>\n\n\n\n<p class=\"\">Les GNistes poussent un cri de victoire, et l\u00e8vent leurs armes en latex en l&#8217;air en signe de liesse. Mais l&#8217;un d&#8217;eux, un peu trop enjou\u00e9 ou tr\u00e8s maladroit, heurte la t\u00eate d&#8217;un gamer avec son \u00e9p\u00e9e, celui-ci se met \u00e0 saigner du nez et commence \u00e0 pleurer.<\/p>\n\n\n\n<p class=\"\">&#8220;Mais \u00e7a va pas la t\u00eate de le taper comme \u00e7a !&#8221; rugit la gameuse. Puis, se retournant vers le reste de son groupe, ajoute : &#8220;Ils ont fait saigner mon petit fr\u00e8re ! Ca ne peut pas se passer comme \u00e7a !&#8221; Elle prend son sac et le lance violemment sur le GNiste, qui se le prend en pleine face et casse ses lunettes. Les autres s&#8217;\u00e9crient : &#8220;Levez les boucliers&#8221;. Les GNistes chargent et commencent \u00e0 bousculer tout le monde. Les gamers, loin d&#8217;\u00eatre passifs, rendent coup pour coup. Vous tentez de vos \u00e9loigner mais comme vous \u00eates au milieu, on vous bouscule et vous pousse. \u00c7a commence \u00e0 devenir s\u00e9rieux ! Mais tout le monde se figent lorsque se fait entendre la sir\u00e8ne d&#8217;une voiture de police, qui vient se garer devant le magasin. Certains prennent m\u00eame les jambes \u00e0 leur coup quand les agents de police s&#8217;approchent de vous.<\/p>\n\n\n\n<p class=\"\">Sans se laisser d\u00e9monter, un GNiste pointe du doigt la gameuse et dit : &#8220;C&#8217;est elle qui a commenc\u00e9 ! Elle nous a attaqu\u00e9 !&#8221; Et celle-ci r\u00e9pond en d\u00e9signant le GNiste maladroit : &#8220;Il a frapp\u00e9 mon petit fr\u00e8re avec son \u00e9p\u00e9e ! Regardez comme il saigne !&#8221;.<\/p>\n\n\n\n<p class=\"\">L&#8217;un des policiers, visiblement agac\u00e9, s&#8217;avance et dit d&#8217;une voix imposante : &#8220;Bon, \u00e7a suffit ! Vous deux \u2013 et il d\u00e9signe la gameuse et le GNiste \u2013 vous allez venir au poste.&#8221; A ces mots, tout le monde est choqu\u00e9. Vraiment ? Ils vont les arr\u00eater pour si peu ? C&#8217;est injuste !<\/p>\n\n\n\n<p class=\"\">Mais comme si la situation n&#8217;\u00e9tait pas aussi compliqu\u00e9e, la voix d&#8217;Orph\u00e9e s&#8217;\u00e9l\u00e8ve : &#8220;Mais monsieur l&#8217;agent, c&#8217;est pas eux qui ont commenc\u00e9, c&#8217;est l&#8217;autre l\u00e0 !&#8221;, et vous d\u00e9signe. Heureux d&#8217;avoir un bouc \u00e9missaire, la gameuse et le GNiste se joignent \u00e0 lui, rapidement suivi par les autres. Le policier vous dit alors : &#8220;Alors, on cr\u00e9e des probl\u00e8mes ? Vous allez nous accompagner. Montez dans le v\u00e9hicule.&#8221;<\/p>\n\n\n\n<p class=\"\">Choqu\u00e9, vous n&#8217;avez m\u00eame pas le r\u00e9flexe de vous d\u00e9fendre. Le policier vous pousse sans violence mais fermement \u00e0 l&#8217;arri\u00e8re de la voiture.\u202f<\/p>\n\n\n\n<p class=\"\">&lt; musique &gt; Mais alors que la voiture s&#8217;\u00e9loigne avec vos espoirs d&#8217;obtenir l&#8217;Ultime Suppl\u00e9ment, vous entendez une musique famili\u00e8re. Serait-il possible que tout ceci n&#8217;ait \u00e9t\u00e9 qu&#8217;un r\u00eave ?<\/p>\n\n\n\n<p class=\"\"><\/div><\/div>\n\n\n\n<p class=\"\"><\/p>\n\n\n\n<p class=\"\"><\/p>\n\n\n\n<p class=\"has-medium-font-size\"><a href=\"https:\/\/unduoroliste.net\/?page_id=387\">Allez ici<\/a>.<\/p>\n\n\n<div class=\"wp-block-image\">\n<figure class=\"aligncenter size-full\"><img data-recalc-dims=\"1\" loading=\"lazy\" decoding=\"async\" width=\"640\" height=\"480\" src=\"https:\/\/i0.wp.com\/unduoroliste.net\/wp-content\/uploads\/2022\/03\/LADVEH-US-15.jpg?resize=640%2C480&#038;ssl=1\" alt=\"Image affichant la repr\u00e9sentation d'une cr\u00e9ature \u00e9trange avec des lunettes de style steampunk et un bec en cuir clout\u00e9. De l'\u00e9nergie pulse de ses mains.\" class=\"wp-image-263\" srcset=\"https:\/\/i0.wp.com\/unduoroliste.net\/wp-content\/uploads\/2022\/03\/LADVEH-US-15.jpg?w=640&amp;ssl=1 640w, https:\/\/i0.wp.com\/unduoroliste.net\/wp-content\/uploads\/2022\/03\/LADVEH-US-15.jpg?resize=300%2C225&amp;ssl=1 300w\" sizes=\"auto, (max-width: 640px) 100vw, 640px\" \/><\/figure>\n<\/div>","protected":false},"excerpt":{"rendered":"<p>Allez ici.<\/p>\n","protected":false},"author":2,"featured_media":0,"parent":180,"menu_order":0,"comment_status":"closed","ping_status":"closed","template":"","meta":{"nf_dc_page":"","footnotes":""},"class_list":["post-323","page","type-page","status-publish","hentry"],"aioseo_notices":[],"jetpack_sharing_enabled":true,"_links":{"self":[{"href":"https:\/\/unduoroliste.net\/index.php?rest_route=\/wp\/v2\/pages\/323","targetHints":{"allow":["GET"]}}],"collection":[{"href":"https:\/\/unduoroliste.net\/index.php?rest_route=\/wp\/v2\/pages"}],"about":[{"href":"https:\/\/unduoroliste.net\/index.php?rest_route=\/wp\/v2\/types\/page"}],"author":[{"embeddable":true,"href":"https:\/\/unduoroliste.net\/index.php?rest_route=\/wp\/v2\/users\/2"}],"replies":[{"embeddable":true,"href":"https:\/\/unduoroliste.net\/index.php?rest_route=%2Fwp%2Fv2%2Fcomments&post=323"}],"version-history":[{"count":5,"href":"https:\/\/unduoroliste.net\/index.php?rest_route=\/wp\/v2\/pages\/323\/revisions"}],"predecessor-version":[{"id":6056,"href":"https:\/\/unduoroliste.net\/index.php?rest_route=\/wp\/v2\/pages\/323\/revisions\/6056"}],"up":[{"embeddable":true,"href":"https:\/\/unduoroliste.net\/index.php?rest_route=\/wp\/v2\/pages\/180"}],"wp:attachment":[{"href":"https:\/\/unduoroliste.net\/index.php?rest_route=%2Fwp%2Fv2%2Fmedia&parent=323"}],"curies":[{"name":"wp","href":"https:\/\/api.w.org\/{rel}","templated":true}]}}