{"id":320,"date":"2022-03-28T00:03:12","date_gmt":"2022-03-27T23:03:12","guid":{"rendered":"https:\/\/unduoroliste.net\/?page_id=320"},"modified":"2023-11-19T19:41:17","modified_gmt":"2023-11-19T18:41:17","slug":"mystra-eclate-de-rire","status":"publish","type":"page","link":"https:\/\/unduoroliste.net\/?page_id=320","title":{"rendered":"Mystra \u00e9clate de rire&#8230;"},"content":{"rendered":"\n<figure class=\"wp-block-embed is-type-rich is-provider-prise-en-charge-des-contenus-embarqu-s wp-block-embed-prise-en-charge-des-contenus-embarqu-s\"><div class=\"wp-block-embed__wrapper\">\n<audio class=\"wp-audio-shortcode\" id=\"audio-320-1\" preload=\"none\" style=\"width: 100%;\" controls=\"controls\"><source type=\"audio\/mpeg\" src=\"https:\/\/unduoroliste.net\/wp-content\/uploads\/2022\/03\/1DR_LADVEH_US_3.mp3?_=1\" \/><a href=\"https:\/\/unduoroliste.net\/wp-content\/uploads\/2022\/03\/1DR_LADVEH_US_3.mp3\">https:\/\/unduoroliste.net\/wp-content\/uploads\/2022\/03\/1DR_LADVEH_US_3.mp3<\/a><\/audio>\n<\/div><\/figure>\n\n\n<div class=\"bg-margin-for-link\"><input type='hidden' bg_collapse_expand='69e53c7eac1738048706039' value='69e53c7eac1738048706039'><input type='hidden' id='bg-show-more-text-69e53c7eac1738048706039' value='Transcription'><input type='hidden' id='bg-show-less-text-69e53c7eac1738048706039' value='Fermer la Transcription'><a id='bg-showmore-action-69e53c7eac1738048706039' class='bg-showmore-plg-link  '  style=\" color:inherit;;\" href='#'>Transcription<\/a><div id='bg-showmore-hidden-69e53c7eac1738048706039' ><\/p>\n\n\n\n<p class=\"\">Mystra \u00e9clate de rire \u00e0 votre r\u00e9ponse. &#8220;Vraiment, tu crois que Kroc le B\u00f4 est le fils cach\u00e9 de Glob\u00f4 ? Tu devrais r\u00e9viser tes classiques !&#8221; Puis elle reprend un air s\u00e9rieux. &#8220;Tu n&#8217;es vraiment pas digne de l&#8217;Ultime Suppl\u00e9ment. Maintenant\u2026&#8221;<\/p>\n\n\n\n<p class=\"\"><\/div><\/div>\n\n\n\n<p class=\"\"><\/p>\n\n\n\n<p class=\"\"><\/p>\n\n\n\n<p class=\"has-medium-font-size\">Si vous avez votre d\u00e9 f\u00e9tiche dans votre poche, <a href=\"https:\/\/unduoroliste.net\/?page_id=377\">allez ici<\/a>.<\/p>\n\n\n\n<p class=\"has-medium-font-size\">Sinon, <a href=\"https:\/\/unduoroliste.net\/?page_id=357\">allez ici<\/a>.<\/p>\n\n\n<div class=\"wp-block-image\">\n<figure class=\"aligncenter size-full\"><img data-recalc-dims=\"1\" loading=\"lazy\" decoding=\"async\" width=\"480\" height=\"360\" src=\"https:\/\/i0.wp.com\/unduoroliste.net\/wp-content\/uploads\/2022\/03\/LADVEH-US-25.jpg?resize=480%2C360&#038;ssl=1\" alt=\"Image montrant une jeune femme, Lina Inverse, en train de rire aux \u00e9clats, extrait de l'anime Slayers\" class=\"wp-image-273\" srcset=\"https:\/\/i0.wp.com\/unduoroliste.net\/wp-content\/uploads\/2022\/03\/LADVEH-US-25.jpg?w=480&amp;ssl=1 480w, https:\/\/i0.wp.com\/unduoroliste.net\/wp-content\/uploads\/2022\/03\/LADVEH-US-25.jpg?resize=300%2C225&amp;ssl=1 300w\" sizes=\"auto, (max-width: 480px) 100vw, 480px\" \/><\/figure>\n<\/div>","protected":false},"excerpt":{"rendered":"<p>Si vous avez votre d\u00e9 f\u00e9tiche dans votre poche, allez ici. Sinon, allez ici.<\/p>\n","protected":false},"author":2,"featured_media":0,"parent":180,"menu_order":0,"comment_status":"closed","ping_status":"closed","template":"","meta":{"nf_dc_page":"","footnotes":""},"class_list":["post-320","page","type-page","status-publish","hentry"],"aioseo_notices":[],"jetpack_sharing_enabled":true,"_links":{"self":[{"href":"https:\/\/unduoroliste.net\/index.php?rest_route=\/wp\/v2\/pages\/320","targetHints":{"allow":["GET"]}}],"collection":[{"href":"https:\/\/unduoroliste.net\/index.php?rest_route=\/wp\/v2\/pages"}],"about":[{"href":"https:\/\/unduoroliste.net\/index.php?rest_route=\/wp\/v2\/types\/page"}],"author":[{"embeddable":true,"href":"https:\/\/unduoroliste.net\/index.php?rest_route=\/wp\/v2\/users\/2"}],"replies":[{"embeddable":true,"href":"https:\/\/unduoroliste.net\/index.php?rest_route=%2Fwp%2Fv2%2Fcomments&post=320"}],"version-history":[{"count":5,"href":"https:\/\/unduoroliste.net\/index.php?rest_route=\/wp\/v2\/pages\/320\/revisions"}],"predecessor-version":[{"id":6048,"href":"https:\/\/unduoroliste.net\/index.php?rest_route=\/wp\/v2\/pages\/320\/revisions\/6048"}],"up":[{"embeddable":true,"href":"https:\/\/unduoroliste.net\/index.php?rest_route=\/wp\/v2\/pages\/180"}],"wp:attachment":[{"href":"https:\/\/unduoroliste.net\/index.php?rest_route=%2Fwp%2Fv2%2Fmedia&parent=320"}],"curies":[{"name":"wp","href":"https:\/\/api.w.org\/{rel}","templated":true}]}}