{"id":318,"date":"2022-03-27T21:59:10","date_gmt":"2022-03-27T20:59:10","guid":{"rendered":"https:\/\/unduoroliste.net\/?page_id=318"},"modified":"2023-11-19T19:44:23","modified_gmt":"2023-11-19T18:44:23","slug":"soudain-les-nuages-secartent","status":"publish","type":"page","link":"https:\/\/unduoroliste.net\/?page_id=318","title":{"rendered":"Soudain, les nuages s&#8217;\u00e9cartent&#8230;"},"content":{"rendered":"\n<figure class=\"wp-block-embed is-type-rich is-provider-prise-en-charge-des-contenus-embarqu-s wp-block-embed-prise-en-charge-des-contenus-embarqu-s\"><div class=\"wp-block-embed__wrapper\">\n<audio class=\"wp-audio-shortcode\" id=\"audio-318-1\" preload=\"none\" style=\"width: 100%;\" controls=\"controls\"><source type=\"audio\/mpeg\" src=\"https:\/\/unduoroliste.net\/wp-content\/uploads\/2022\/03\/1DR_LADVEH_US_2.mp3?_=1\" \/><a href=\"https:\/\/unduoroliste.net\/wp-content\/uploads\/2022\/03\/1DR_LADVEH_US_2.mp3\">https:\/\/unduoroliste.net\/wp-content\/uploads\/2022\/03\/1DR_LADVEH_US_2.mp3<\/a><\/audio>\n<\/div><\/figure>\n\n\n<div class=\"bg-margin-for-link\"><input type='hidden' bg_collapse_expand='69e34a0f800c66037800450' value='69e34a0f800c66037800450'><input type='hidden' id='bg-show-more-text-69e34a0f800c66037800450' value='Transcription'><input type='hidden' id='bg-show-less-text-69e34a0f800c66037800450' value='Fermer la Transcription'><a id='bg-showmore-action-69e34a0f800c66037800450' class='bg-showmore-plg-link  '  style=\" color:inherit;;\" href='#'>Transcription<\/a><div id='bg-showmore-hidden-69e34a0f800c66037800450' ><\/p>\n\n\n\n<p class=\"\">Soudain, les nuages s&#8217;\u00e9cartent et un rayon de soleil s&#8217;engouffre dans la pi\u00e8ce, illuminant\u202f l&#8217;encre dor\u00e9e de votre d\u00e9 f\u00e9tiche, le d\u00e9 avec lequel vous avez terrass\u00e9 en 6\u00e8me le Capitaine Orc qui prot\u00e9geait le deuxi\u00e8me \u00e9tage de la tour de Minas Morgul !<\/p>\n\n\n\n<p class=\"\">Dans votre t\u00eate, une voix vous susurre &#8220;Mon pr\u00e9cieux\u2026 !&#8221;. Il vous appelle !<\/p>\n\n\n\n<p class=\"\">Vous attrapez votre d\u00e9 sans h\u00e9sitation et le mettez dans votre poche. Arm\u00e9(e) de tout la confiance du monde, vous franchissez le pas de la porte en direction de l&#8217;arr\u00eat de bus.<\/p>\n\n\n\n<p class=\"\"><\/div><\/div>\n\n\n\n<p class=\"\"><\/p>\n\n\n\n<p class=\"\"><\/p>\n\n\n\n<p class=\"has-medium-font-size\">Vous sortez, <a href=\"https:\/\/unduoroliste.net\/?page_id=344\">aller ici<\/a>.<\/p>\n\n\n<div class=\"wp-block-image\">\n<figure class=\"aligncenter size-full\"><img data-recalc-dims=\"1\" loading=\"lazy\" decoding=\"async\" width=\"640\" height=\"360\" src=\"https:\/\/i0.wp.com\/unduoroliste.net\/wp-content\/uploads\/2022\/03\/LADVEH-US-03.jpg?resize=640%2C360&#038;ssl=1\" alt=\"\" class=\"wp-image-251\" srcset=\"https:\/\/i0.wp.com\/unduoroliste.net\/wp-content\/uploads\/2022\/03\/LADVEH-US-03.jpg?w=640&amp;ssl=1 640w, https:\/\/i0.wp.com\/unduoroliste.net\/wp-content\/uploads\/2022\/03\/LADVEH-US-03.jpg?resize=300%2C169&amp;ssl=1 300w\" sizes=\"auto, (max-width: 640px) 100vw, 640px\" \/><\/figure>\n<\/div>","protected":false},"excerpt":{"rendered":"<p>Vous sortez, aller ici.<\/p>\n","protected":false},"author":2,"featured_media":0,"parent":180,"menu_order":0,"comment_status":"closed","ping_status":"closed","template":"","meta":{"nf_dc_page":"","footnotes":""},"class_list":["post-318","page","type-page","status-publish","hentry"],"aioseo_notices":[],"jetpack_sharing_enabled":true,"_links":{"self":[{"href":"https:\/\/unduoroliste.net\/index.php?rest_route=\/wp\/v2\/pages\/318","targetHints":{"allow":["GET"]}}],"collection":[{"href":"https:\/\/unduoroliste.net\/index.php?rest_route=\/wp\/v2\/pages"}],"about":[{"href":"https:\/\/unduoroliste.net\/index.php?rest_route=\/wp\/v2\/types\/page"}],"author":[{"embeddable":true,"href":"https:\/\/unduoroliste.net\/index.php?rest_route=\/wp\/v2\/users\/2"}],"replies":[{"embeddable":true,"href":"https:\/\/unduoroliste.net\/index.php?rest_route=%2Fwp%2Fv2%2Fcomments&post=318"}],"version-history":[{"count":4,"href":"https:\/\/unduoroliste.net\/index.php?rest_route=\/wp\/v2\/pages\/318\/revisions"}],"predecessor-version":[{"id":6067,"href":"https:\/\/unduoroliste.net\/index.php?rest_route=\/wp\/v2\/pages\/318\/revisions\/6067"}],"up":[{"embeddable":true,"href":"https:\/\/unduoroliste.net\/index.php?rest_route=\/wp\/v2\/pages\/180"}],"wp:attachment":[{"href":"https:\/\/unduoroliste.net\/index.php?rest_route=%2Fwp%2Fv2%2Fmedia&parent=318"}],"curies":[{"name":"wp","href":"https:\/\/api.w.org\/{rel}","templated":true}]}}