{"id":213,"date":"2022-03-28T00:10:08","date_gmt":"2022-03-27T23:10:08","guid":{"rendered":"https:\/\/unduoroliste.net\/?page_id=213"},"modified":"2023-11-19T19:41:02","modified_gmt":"2023-11-19T18:41:02","slug":"marie-vous-tend-le-dernier-exemplaire-de-lultime-supplement","status":"publish","type":"page","link":"https:\/\/unduoroliste.net\/?page_id=213","title":{"rendered":"Marie vous tend le dernier exemplaire de l&#8217;Ultime Suppl\u00e9ment&#8230;"},"content":{"rendered":"\n<figure class=\"wp-block-embed is-type-rich is-provider-prise-en-charge-des-contenus-embarqu-s wp-block-embed-prise-en-charge-des-contenus-embarqu-s\"><div class=\"wp-block-embed__wrapper\">\n<audio class=\"wp-audio-shortcode\" id=\"audio-213-1\" preload=\"none\" style=\"width: 100%;\" controls=\"controls\"><source type=\"audio\/mpeg\" src=\"https:\/\/unduoroliste.net\/wp-content\/uploads\/2022\/03\/1DR_LADVEH_US_1.mp3?_=1\" \/><a href=\"https:\/\/unduoroliste.net\/wp-content\/uploads\/2022\/03\/1DR_LADVEH_US_1.mp3\">https:\/\/unduoroliste.net\/wp-content\/uploads\/2022\/03\/1DR_LADVEH_US_1.mp3<\/a><\/audio>\n<\/div><\/figure>\n\n\n<div class=\"bg-margin-for-link\"><input type='hidden' bg_collapse_expand='69e55194108329099079494' value='69e55194108329099079494'><input type='hidden' id='bg-show-more-text-69e55194108329099079494' value='Transcription'><input type='hidden' id='bg-show-less-text-69e55194108329099079494' value='Fermer la Transcription'><a id='bg-showmore-action-69e55194108329099079494' class='bg-showmore-plg-link  '  style=\" color:inherit;;\" href='#'>Transcription<\/a><div id='bg-showmore-hidden-69e55194108329099079494' ><\/p>\n\n\n\n<p class=\"\">Marie vous tend le dernier exemplaire de l&#8217;Ultime Suppl\u00e9ment, que vous prenez f\u00e9brilement. Vos doigts effleurent le lettrage en relief, sa couverture dure brille sous les spots de lumi\u00e8re, son poids est parfaitement \u00e9quilibr\u00e9 : c&#8217;est 300 pages de passion JdR que vous tenez !<\/p>\n\n\n\n<p class=\"\">Compl\u00e8tement en transe, vous r\u00e9glez votre achat, sans m\u00eame remarquer les regards envieux et d\u00e9\u00e7us des dizaines de personnes dans la file qui n&#8217;auront pas le bonheur d&#8217;avoir une copie.<\/p>\n\n\n\n<p class=\"\"><\/div><\/div>\n\n\n\n<p class=\"\"><\/p>\n\n\n\n<p class=\"\"><\/p>\n\n\n\n<p class=\"has-text-align-left has-medium-font-size\">Si vous avez aid\u00e9 l&#8217;adolescent handicap\u00e9 dans le bus, <a href=\"https:\/\/unduoroliste.net\/?page_id=372\">allez ici<\/a>.&nbsp;<\/p>\n\n\n\n<p class=\"has-text-align-left has-medium-font-size\">Sinon, <a href=\"https:\/\/unduoroliste.net\/?page_id=374\">allez ici<\/a>.&nbsp;<\/p>\n\n\n<div class=\"wp-block-image\">\n<figure class=\"aligncenter size-full\"><img data-recalc-dims=\"1\" loading=\"lazy\" decoding=\"async\" width=\"346\" height=\"480\" src=\"https:\/\/i0.wp.com\/unduoroliste.net\/wp-content\/uploads\/2022\/03\/LADVEH-US-29-30.png?resize=346%2C480&#038;ssl=1\" alt=\"Image de la couverture du livre l'Ultime Suppl\u00e9ment, illustrant Druidzz, le Gardien de l'Autre Monde\" class=\"wp-image-248\" srcset=\"https:\/\/i0.wp.com\/unduoroliste.net\/wp-content\/uploads\/2022\/03\/LADVEH-US-29-30.png?w=346&amp;ssl=1 346w, https:\/\/i0.wp.com\/unduoroliste.net\/wp-content\/uploads\/2022\/03\/LADVEH-US-29-30.png?resize=216%2C300&amp;ssl=1 216w\" sizes=\"auto, (max-width: 346px) 100vw, 346px\" \/><\/figure>\n<\/div>","protected":false},"excerpt":{"rendered":"<p>Si vous avez aid\u00e9 l&#8217;adolescent handicap\u00e9 dans le bus, allez ici.&nbsp; Sinon, allez ici.&nbsp;<\/p>\n","protected":false},"author":2,"featured_media":0,"parent":180,"menu_order":0,"comment_status":"closed","ping_status":"closed","template":"","meta":{"nf_dc_page":"","footnotes":""},"class_list":["post-213","page","type-page","status-publish","hentry"],"aioseo_notices":[],"jetpack_sharing_enabled":true,"_links":{"self":[{"href":"https:\/\/unduoroliste.net\/index.php?rest_route=\/wp\/v2\/pages\/213","targetHints":{"allow":["GET"]}}],"collection":[{"href":"https:\/\/unduoroliste.net\/index.php?rest_route=\/wp\/v2\/pages"}],"about":[{"href":"https:\/\/unduoroliste.net\/index.php?rest_route=\/wp\/v2\/types\/page"}],"author":[{"embeddable":true,"href":"https:\/\/unduoroliste.net\/index.php?rest_route=\/wp\/v2\/users\/2"}],"replies":[{"embeddable":true,"href":"https:\/\/unduoroliste.net\/index.php?rest_route=%2Fwp%2Fv2%2Fcomments&post=213"}],"version-history":[{"count":5,"href":"https:\/\/unduoroliste.net\/index.php?rest_route=\/wp\/v2\/pages\/213\/revisions"}],"predecessor-version":[{"id":6044,"href":"https:\/\/unduoroliste.net\/index.php?rest_route=\/wp\/v2\/pages\/213\/revisions\/6044"}],"up":[{"embeddable":true,"href":"https:\/\/unduoroliste.net\/index.php?rest_route=\/wp\/v2\/pages\/180"}],"wp:attachment":[{"href":"https:\/\/unduoroliste.net\/index.php?rest_route=%2Fwp%2Fv2%2Fmedia&parent=213"}],"curies":[{"name":"wp","href":"https:\/\/api.w.org\/{rel}","templated":true}]}}